{"id":94,"date":"2019-03-29T12:34:26","date_gmt":"2019-03-29T09:34:26","guid":{"rendered":"http:\/\/18.197.41.160\/?page_id=94"},"modified":"2021-12-01T14:40:29","modified_gmt":"2021-12-01T11:40:29","slug":"nuclear","status":"publish","type":"page","link":"https:\/\/www.recion.com\/se\/services\/nuclear\/","title":{"rendered":"K\u00e4rnkraft"},"content":{"rendered":"<p class=\"ingressi\">Vi utf\u00f6r r\u00f6rarbeten i s\u00e4kerhetsklass 1 f\u00f6r k\u00e4rnkraftverk och mekaniska installationer f\u00f6r k\u00e4rnkraftverk. <a href=\"https:\/\/www.recion.com\/se\/projects\/design-and-engineering\/\" target=\"_blank\" rel=\"noopener\">Detaljutformning<\/a>, <a href=\"https:\/\/www.recion.com\/se\/projects\/procurement\/\" target=\"_blank\" rel=\"noopener\">ink\u00f6p av material<\/a>, <a href=\"https:\/\/www.recion.com\/se\/fabrication\/\" target=\"_blank\" rel=\"noopener\">prefabricering<\/a> och <a href=\"https:\/\/www.recion.com\/se\/projects\/project-management\/\" target=\"_blank\" rel=\"noopener\">\u00f6vervakning<\/a> kan tillhandah\u00e5llas som en del av v\u00e5ra leveranser av k\u00e4rnkraftsprojekt.<\/p>\n\n\n\n<p>V\u00e5ra konstrukt\u00f6rer och v\u00e5r personal p\u00e5 plats har l\u00e5ng erfarenhet av att utf\u00f6ra kr\u00e4vande driftstoppsarbeten. Korta avbrottsperioder i k\u00e4rnkraftverk kr\u00e4ver noggrann arbetsplanering och detaljerad schemal\u00e4ggning, med h\u00e4nsyn till alla arbetskategorier p\u00e5 plats, inklusive inspektioner, \u00f6vervakning, str\u00e5lskydd och logistik.<\/p>\n\n\n\n<h3 class=\"wp-block-heading\">Certifierad k\u00e4rnteknisk r\u00f6rdragning<\/h3>\n\n\n\n<p>V\u00e5r <a href=\"https:\/\/www.recion.com\/se\/certificates\/welding-expertise\/\" target=\"_blank\" rel=\"noopener\">Svets- och formningsmetoder<\/a> \u00e4r godk\u00e4nda f\u00f6r s\u00e4kerhetsklass 1 enligt de finska f\u00f6reskrifterna om k\u00e4rns\u00e4kerhet och fysiskt skydd (YVL). Vi kan ocks\u00e5 anv\u00e4nda v\u00e5r egen orbitala svetsutrustning f\u00f6r alla kr\u00e4vande svetsarbeten. Med v\u00e5r fj\u00e4rrstyrda orbitala svetsrobot kan vi dessutom utf\u00f6ra h\u00f6gkvalitativa svetsarbeten \u00e4ven p\u00e5 de mest radioaktiva platserna.&nbsp;<\/p>\n\n\n\n<div class=\"wp-block-media-text alignwide is-stacked-on-mobile contact-card\"><figure class=\"wp-block-media-text__media\"><img fetchpriority=\"high\" decoding=\"async\" width=\"300\" height=\"300\" src=\"http:\/\/recion.com\/wp-content\/uploads\/2019\/09\/recion-kuvaus_2019-09-11_jukka-hamalainen-www.jpg\" alt=\"Jukka H\u00e4m\u00e4l\u00e4inen\" class=\"wp-image-596 size-full\" srcset=\"https:\/\/www.recion.com\/wp-content\/uploads\/2019\/09\/recion-kuvaus_2019-09-11_jukka-hamalainen-www.jpg 300w, https:\/\/www.recion.com\/wp-content\/uploads\/2019\/09\/recion-kuvaus_2019-09-11_jukka-hamalainen-www-150x150.jpg 150w\" sizes=\"(max-width: 300px) 100vw, 300px\" \/><\/figure><div class=\"wp-block-media-text__content\">\n<p>Din kontaktperson p\u00e5 Recion i<\/p>\n\n\n\n<p class=\"contact-area\"><strong>K\u00e4rnkraft<\/strong><\/p>\n\n\n\n<p class=\"contact-title\">Chef, k\u00e4rnkraft<\/p>\n\n\n\n<p class=\"contact-name\">Jukka H\u00e4m\u00e4l\u00e4inen<\/p>\n\n\n\n<p class=\"contact-email\"><a href=\"mailto:jukka.hamalainen@recion.com\">jukka.hamalainen@recion.com<\/a><\/p>\n\n\n\n<p class=\"contact-telephone\">T. +358 40 557 8158<\/p>\n<\/div><\/div>","protected":false},"excerpt":{"rendered":"<p>We execute Safety Class 1 nuclear piping works and mechanical installations for nuclear power plants. Detail design, material purchasing, prefabrication [&#8230;]<\/p>\n<p><a class=\"btn btn-secondary understrap-read-more-link\" href=\"https:\/\/www.recion.com\/se\/services\/nuclear\/\">L\u00e4s mer<\/a><\/p>\n","protected":false},"author":12,"featured_media":612,"parent":74,"menu_order":0,"comment_status":"closed","ping_status":"closed","template":"","meta":{"_acf_changed":false,"content-type":"","footnotes":""},"class_list":["post-94","page","type-page","status-publish","has-post-thumbnail","hentry"],"acf":[],"_links":{"self":[{"href":"https:\/\/www.recion.com\/se\/wp-json\/wp\/v2\/pages\/94","targetHints":{"allow":["GET"]}}],"collection":[{"href":"https:\/\/www.recion.com\/se\/wp-json\/wp\/v2\/pages"}],"about":[{"href":"https:\/\/www.recion.com\/se\/wp-json\/wp\/v2\/types\/page"}],"author":[{"embeddable":true,"href":"https:\/\/www.recion.com\/se\/wp-json\/wp\/v2\/users\/12"}],"replies":[{"embeddable":true,"href":"https:\/\/www.recion.com\/se\/wp-json\/wp\/v2\/comments?post=94"}],"version-history":[{"count":0,"href":"https:\/\/www.recion.com\/se\/wp-json\/wp\/v2\/pages\/94\/revisions"}],"up":[{"embeddable":true,"href":"https:\/\/www.recion.com\/se\/wp-json\/wp\/v2\/pages\/74"}],"wp:featuredmedia":[{"embeddable":true,"href":"https:\/\/www.recion.com\/se\/wp-json\/wp\/v2\/media\/612"}],"wp:attachment":[{"href":"https:\/\/www.recion.com\/se\/wp-json\/wp\/v2\/media?parent=94"}],"curies":[{"name":"wp","href":"https:\/\/api.w.org\/{rel}","templated":true}]}}