{"id":86,"date":"2019-03-29T12:28:06","date_gmt":"2019-03-29T12:28:06","guid":{"rendered":"http:\/\/18.197.41.160\/?page_id=86"},"modified":"2024-06-03T16:35:52","modified_gmt":"2024-06-03T13:35:52","slug":"procurement","status":"publish","type":"page","link":"https:\/\/www.recion.com\/se\/services\/procurement\/","title":{"rendered":"Upphandling"},"content":{"rendered":"<p class=\"ingressi\">Upphandling spelar en nyckelroll i projektgenomf\u00f6randet. Med en kompetent och effektiv upphandling sparar du pengar och f\u00f6rkortar leveranstiderna. Du h\u00e5ller projektkostnaderna och d\u00e4rmed tidsplanen under kontroll.<\/p>\n\n\n\n<p>Hos Recion hittar du ett erfaret team av ink\u00f6pare och ett brett n\u00e4tverk av tillverkare och leverant\u00f6rer som t\u00e4cker hela branschen. Vi konkurrerar st\u00e4ndigt om v\u00e5ra kontrakt och \u00f6vervakar branschens utveckling. Dessutom kan vi sj\u00e4lva tillverka delar p\u00e5 <a href=\"https:\/\/recion.fi\/en\/fabrication\/\" target=\"_blank\" rel=\"noopener\">v\u00e5r fabrik<\/a> i Ylivieska, d\u00e4r vi ocks\u00e5 har ett eget materiallager.<\/p>\n\n\n\n<p>V\u00e5r specialkompetens \u00e4r inriktad p\u00e5 kraftverk, processindustri och k\u00e4rnkraft.<\/p>\n\n\n\n<h3 class=\"wp-block-heading\">Varf\u00f6r v\u00e4lja oss f\u00f6r ditt projekt:<\/h3>\n\n\n\n<ul class=\"wp-block-list\">\n<li>Ett erfaret team av professionella upphandlare<\/li>\n\n\n\n<li>Expertis inom omr\u00e5det <\/li>\n\n\n\n<li>Ekonomiska besparingar - kontinuerligt upphandlade leverant\u00f6rskontrakt<\/li>\n\n\n\n<li>H\u00e5lla sig till tidsplanen - materialleveranser i tid<\/li>\n\n\n\n<li>Brett n\u00e4tverk av tillverkare och leverant\u00f6rer<\/li>\n\n\n\n<li>De b\u00e4sta logistikl\u00f6sningarna <\/li>\n\n\n\n<li>Helt\u00e4ckande hantering av leveranskedjan<\/li>\n\n\n\n<li>Kontinuerlig bevakning av branschutvecklingen - \u00e4ven i milj\u00f6fr\u00e5gor<\/li>\n\n\n\n<li>Egen fabrik och materialf\u00f6rr\u00e5d<\/li>\n<\/ul>\n\n\n\n<p>V\u00e5rt upphandlingsteam st\u00e5r g\u00e4rna till tj\u00e4nst i ditt projekt. K\u00e4nn dig fri att kontakta oss!<\/p>\n\n\n\n<div class=\"wp-block-media-text alignwide is-stacked-on-mobile contact-card\"><figure class=\"wp-block-media-text__media\"><img fetchpriority=\"high\" decoding=\"async\" width=\"300\" height=\"300\" src=\"http:\/\/recion.com\/wp-content\/uploads\/2019\/09\/recion-kuvaus_2019-09-11_mika-toivonen-www_.jpg\" alt=\"Mika Toivonen-Flinkman\" class=\"wp-image-589 size-full\" srcset=\"https:\/\/www.recion.com\/wp-content\/uploads\/2019\/09\/recion-kuvaus_2019-09-11_mika-toivonen-www_.jpg 300w, https:\/\/www.recion.com\/wp-content\/uploads\/2019\/09\/recion-kuvaus_2019-09-11_mika-toivonen-www_-150x150.jpg 150w\" sizes=\"(max-width: 300px) 100vw, 300px\" \/><\/figure><div class=\"wp-block-media-text__content\">\n<p>Din kontaktperson p\u00e5 Recion i<\/p>\n\n\n\n<p class=\"contact-area\"><strong>Upphandling<\/strong><\/p>\n\n\n\n<p class=\"contact-title\">Chef, Upphandling<\/p>\n\n\n\n<p class=\"contact-name\">Mika Toivonen-Flinkman<\/p>\n\n\n\n<p class=\"contact-email\"><a href=\"mailto:mika.toivonen@recion.com\">mika.toivonen@recion.com<\/a><\/p>\n\n\n\n<p class=\"contact-telephone\">T. +358 50 390 5814<\/p>\n<\/div><\/div>","protected":false},"excerpt":{"rendered":"<p>Procurement plays a key role in project implementation. With competent and efficient procurement, you save money and shorten delivery times. [&#8230;]<\/p>\n<p><a class=\"btn btn-secondary understrap-read-more-link\" href=\"https:\/\/www.recion.com\/se\/services\/procurement\/\">L\u00e4s mer<\/a><\/p>\n","protected":false},"author":12,"featured_media":563,"parent":74,"menu_order":0,"comment_status":"closed","ping_status":"closed","template":"","meta":{"_acf_changed":false,"content-type":"","footnotes":""},"class_list":["post-86","page","type-page","status-publish","has-post-thumbnail","hentry"],"acf":[],"_links":{"self":[{"href":"https:\/\/www.recion.com\/se\/wp-json\/wp\/v2\/pages\/86","targetHints":{"allow":["GET"]}}],"collection":[{"href":"https:\/\/www.recion.com\/se\/wp-json\/wp\/v2\/pages"}],"about":[{"href":"https:\/\/www.recion.com\/se\/wp-json\/wp\/v2\/types\/page"}],"author":[{"embeddable":true,"href":"https:\/\/www.recion.com\/se\/wp-json\/wp\/v2\/users\/12"}],"replies":[{"embeddable":true,"href":"https:\/\/www.recion.com\/se\/wp-json\/wp\/v2\/comments?post=86"}],"version-history":[{"count":0,"href":"https:\/\/www.recion.com\/se\/wp-json\/wp\/v2\/pages\/86\/revisions"}],"up":[{"embeddable":true,"href":"https:\/\/www.recion.com\/se\/wp-json\/wp\/v2\/pages\/74"}],"wp:featuredmedia":[{"embeddable":true,"href":"https:\/\/www.recion.com\/se\/wp-json\/wp\/v2\/media\/563"}],"wp:attachment":[{"href":"https:\/\/www.recion.com\/se\/wp-json\/wp\/v2\/media?parent=86"}],"curies":[{"name":"wp","href":"https:\/\/api.w.org\/{rel}","templated":true}]}}