{"id":84,"date":"2019-03-29T12:27:29","date_gmt":"2019-03-29T12:27:29","guid":{"rendered":"http:\/\/18.197.41.160\/?page_id=84"},"modified":"2023-08-09T11:03:29","modified_gmt":"2023-08-09T08:03:29","slug":"advisory-services","status":"publish","type":"page","link":"https:\/\/www.recion.com\/se\/services\/advisory-services\/","title":{"rendered":"R\u00e5dgivningstj\u00e4nster"},"content":{"rendered":"<p class=\"ingressi\">Vi utvecklar funktionella, s\u00e4kra och kostnadseffektiva l\u00f6sningar f\u00f6r v\u00e5ra kunder, \u00e4ven f\u00f6r mycket kr\u00e4vande r\u00f6rsystem. V\u00e5rt m\u00e5l \u00e4r att s\u00e4kerst\u00e4lla en problemfri drift av h\u00f6gtrycksr\u00f6rsystem.<\/p>\n\n\n\n<p>V\u00e5r kompetens omfattar omfattande professionella tj\u00e4nster f\u00f6r h\u00f6gtrycksr\u00f6rledningar och st\u00f6dsystem, inklusive modifieringar och reparationer av r\u00f6rledningar.<\/p>\n\n\n\n<h3 class=\"wp-block-heading\">Ber\u00e4kning och analys av r\u00f6rledningars h\u00e5llfasthet<\/h3>\n\n\n\n<p>Vi kan tillhandah\u00e5lla h\u00e5llfasthetsber\u00e4kningar f\u00f6r standardiserade och icke-standardiserade r\u00f6rkopplingar och komponenter enligt g\u00e4llande standarder. Vi utf\u00f6r \u00e4ven sp\u00e4nningsanalyser f\u00f6r r\u00f6rledningar med nuvarande geometri och st\u00f6dstrukturer, r\u00f6rledningar efter modifieringar samt analyser av krafter och moment vid utrustningens anslutningspunkter.<\/p>\n\n\n\n<h3 class=\"wp-block-heading\">Analys f\u00f6r nya och uppgraderade system<\/h3>\n\n\n\n<p>V\u00e5ra supportanalytiker kan ta fram supportanalyser f\u00f6r supportsystem i deras nuvarande skick, s\u00e5v\u00e4l som efter modifieringar. Alla v\u00e5ra tj\u00e4nster \u00e4r tillg\u00e4ngliga f\u00f6r b\u00e5de nya och eftermonterade system.<\/p>\n\n\n\n<p><\/p>","protected":false},"excerpt":{"rendered":"<p>We develop functional, safe and cost-efficient solutions for our clients, even for very demanding piping systems. Our objective is to [&#8230;]<\/p>\n<p><a class=\"btn btn-secondary understrap-read-more-link\" href=\"https:\/\/www.recion.com\/se\/services\/advisory-services\/\">L\u00e4s mer<\/a><\/p>\n","protected":false},"author":12,"featured_media":608,"parent":74,"menu_order":0,"comment_status":"closed","ping_status":"closed","template":"","meta":{"_acf_changed":false,"content-type":"","footnotes":""},"class_list":["post-84","page","type-page","status-publish","has-post-thumbnail","hentry"],"acf":[],"_links":{"self":[{"href":"https:\/\/www.recion.com\/se\/wp-json\/wp\/v2\/pages\/84","targetHints":{"allow":["GET"]}}],"collection":[{"href":"https:\/\/www.recion.com\/se\/wp-json\/wp\/v2\/pages"}],"about":[{"href":"https:\/\/www.recion.com\/se\/wp-json\/wp\/v2\/types\/page"}],"author":[{"embeddable":true,"href":"https:\/\/www.recion.com\/se\/wp-json\/wp\/v2\/users\/12"}],"replies":[{"embeddable":true,"href":"https:\/\/www.recion.com\/se\/wp-json\/wp\/v2\/comments?post=84"}],"version-history":[{"count":0,"href":"https:\/\/www.recion.com\/se\/wp-json\/wp\/v2\/pages\/84\/revisions"}],"up":[{"embeddable":true,"href":"https:\/\/www.recion.com\/se\/wp-json\/wp\/v2\/pages\/74"}],"wp:featuredmedia":[{"embeddable":true,"href":"https:\/\/www.recion.com\/se\/wp-json\/wp\/v2\/media\/608"}],"wp:attachment":[{"href":"https:\/\/www.recion.com\/se\/wp-json\/wp\/v2\/media?parent=84"}],"curies":[{"name":"wp","href":"https:\/\/api.w.org\/{rel}","templated":true}]}}