{"id":81,"date":"2019-03-29T12:25:47","date_gmt":"2019-03-29T12:25:47","guid":{"rendered":"http:\/\/18.197.41.160\/?page_id=81"},"modified":"2023-08-09T11:03:50","modified_gmt":"2023-08-09T08:03:50","slug":"design-and-engineering","status":"publish","type":"page","link":"https:\/\/www.recion.com\/se\/services\/design-and-engineering\/","title":{"rendered":"Design och teknik"},"content":{"rendered":"<p class=\"ingressi\">V\u00e5ra design- och ingenj\u00f6rstj\u00e4nster s\u00e4kerst\u00e4ller ett framg\u00e5ngsrikt projektgenomf\u00f6rande fr\u00e5n f\u00f6rplanering till slutdokumentation. V\u00e5ra konstrukt\u00f6rer \u00e4r experter p\u00e5 tillverknings- och installationsmetoder samt v\u00e4l insatta i EN- och <a href=\"https:\/\/www.recion.com\/se\/certificates\/ped-and-asme\/\" target=\"_blank\" rel=\"noopener\">ASME<\/a> standarder och <a href=\"https:\/\/www.recion.com\/se\/certificates\/ped-and-asme\/\" target=\"_blank\" rel=\"noopener\">PED<\/a> f\u00f6reskrifter.<\/p>\n\n\n\n<p>Kontinuerlig samverkan med <a href=\"https:\/\/www.recion.com\/se\/fabrication\/\" target=\"_blank\" rel=\"noopener\">tillverkning<\/a> och installationsteam leder till kortare ledtider i projektgenomf\u00f6randet. Noggrann projektering minimerar potentiella risker och problem i senare skeden av projektet och underl\u00e4ttar leverans i tid och inom budget.<\/p>\n\n\n\n<h3 class=\"wp-block-heading\">R\u00f6rkonstruktion och 3D-modellering<\/h3>\n\n\n\n<p>V\u00e5r gedigna erfarenhet och moderna programvara \u00e4r en viktig del av ett framg\u00e5ngsrikt projekt, fr\u00e5n konstruktion till utf\u00f6rande. Vi kan leverera \u00e4ven den mest kr\u00e4vande r\u00f6rkonstruktionen, armaturkonstruktionen, st\u00f6dkonstruktionen och ingenj\u00f6rstj\u00e4nsterna p\u00e5 ett s\u00e4tt som g\u00f6r det m\u00f6jligt att bygga anl\u00e4ggningen och \u00e4ven st\u00f6dja materialhantering, arbetsplanering och framstegs\u00f6vervakning.<\/p>\n\n\n\n<h3 class=\"wp-block-heading\">Projektdokumentation<\/h3>\n\n\n\n<p>F\u00f6re \u00f6verl\u00e4mnandet av projektet ska allt dokumenteras p\u00e5 l\u00e4mpligt s\u00e4tt, oavsett om det g\u00e4ller dokumentation f\u00f6r myndigheter eller dokumentation av byggnationen. V\u00e5r dokumenthanteringsprocess s\u00e4kerst\u00e4ller att dina dokument \u00e4r i s\u00e4kert f\u00f6rvar.<\/p>\n\n\n\n<p><\/p>","protected":false},"excerpt":{"rendered":"<p>Our design and engineering services ensure a successful project execution from preplanning to final documentation. Our designers are experts in [&#8230;]<\/p>\n<p><a class=\"btn btn-secondary understrap-read-more-link\" href=\"https:\/\/www.recion.com\/se\/services\/design-and-engineering\/\">L\u00e4s mer<\/a><\/p>\n","protected":false},"author":12,"featured_media":609,"parent":74,"menu_order":0,"comment_status":"closed","ping_status":"closed","template":"","meta":{"_acf_changed":false,"content-type":"","footnotes":""},"class_list":["post-81","page","type-page","status-publish","has-post-thumbnail","hentry"],"acf":[],"_links":{"self":[{"href":"https:\/\/www.recion.com\/se\/wp-json\/wp\/v2\/pages\/81","targetHints":{"allow":["GET"]}}],"collection":[{"href":"https:\/\/www.recion.com\/se\/wp-json\/wp\/v2\/pages"}],"about":[{"href":"https:\/\/www.recion.com\/se\/wp-json\/wp\/v2\/types\/page"}],"author":[{"embeddable":true,"href":"https:\/\/www.recion.com\/se\/wp-json\/wp\/v2\/users\/12"}],"replies":[{"embeddable":true,"href":"https:\/\/www.recion.com\/se\/wp-json\/wp\/v2\/comments?post=81"}],"version-history":[{"count":0,"href":"https:\/\/www.recion.com\/se\/wp-json\/wp\/v2\/pages\/81\/revisions"}],"up":[{"embeddable":true,"href":"https:\/\/www.recion.com\/se\/wp-json\/wp\/v2\/pages\/74"}],"wp:featuredmedia":[{"embeddable":true,"href":"https:\/\/www.recion.com\/se\/wp-json\/wp\/v2\/media\/609"}],"wp:attachment":[{"href":"https:\/\/www.recion.com\/se\/wp-json\/wp\/v2\/media?parent=81"}],"curies":[{"name":"wp","href":"https:\/\/api.w.org\/{rel}","templated":true}]}}