{"id":773,"date":"2021-06-10T14:19:51","date_gmt":"2021-06-10T11:19:51","guid":{"rendered":"http:\/\/54.93.207.191\/?page_id=773"},"modified":"2024-06-13T09:00:12","modified_gmt":"2024-06-13T06:00:12","slug":"careers","status":"publish","type":"page","link":"https:\/\/www.recion.com\/se\/about-us\/careers\/","title":{"rendered":"Karri\u00e4r"},"content":{"rendered":"<div data-elementor-type=\"wp-page\" data-elementor-id=\"773\" class=\"elementor elementor-773\" data-elementor-post-type=\"page\">\n\t\t\t\t<div class=\"elementor-element elementor-element-5ed19801 e-flex e-con-boxed e-con e-parent\" data-id=\"5ed19801\" data-element_type=\"container\" data-e-type=\"container\">\n\t\t\t\t\t<div class=\"e-con-inner\">\n\t\t\t\t<div class=\"elementor-element elementor-element-1b991d03 elementor-widget elementor-widget-text-editor\" data-id=\"1b991d03\" data-element_type=\"widget\" data-e-type=\"widget\" data-widget_type=\"text-editor.default\">\n\t\t\t\t<div class=\"elementor-widget-container\">\n\t\t\t\t\t\t\t\t\t<p><\/p>\n<p class=\"ingressi\">S\u00e4kerhet p\u00e5 arbetsplatsen, omfattande utbildning, ambiti\u00f6sa projekt och ett engagerat team av professionella medarbetare g\u00f6r Recion till en bra arbetsplats.<\/p>\n<p><\/p>\n<p><\/p>\n<p class=\"ingressi\">Vi erbjuder ett brett utbud av intressanta och utmanande befattningar i en internationell milj\u00f6. Vi har en avslappnad och professionell arbetskultur med st\u00e4ndiga m\u00f6jligheter till utveckling. Vi ger dig alla de verktyg och det st\u00f6d du beh\u00f6ver f\u00f6r att g\u00f6ra ett s\u00e5 bra jobb som m\u00f6jligt.<\/p>\n<p class=\"ingressi\">Vi s\u00f6ker st\u00e4ndigt efter erfarna svetsare, ingenj\u00f6rer och projektledare. Vi erbjuder \u00e4ven praktikplatser, sommarjobb och examensarbeten. Om du letar efter nya m\u00f6jligheter, tveka inte att kontakta oss.&nbsp;<\/p>\n<p class=\"ingressi\"><b>\u00d6ppen ans\u00f6kan<\/b><\/p>\n<p class=\"ingressi\">Vi v\u00e4lkomnar ans\u00f6kningar fr\u00e5n kvalificerade yrkesverksamma, \u00e4ven om vi inte har en publicerad ledig tj\u00e4nst. Skicka g\u00e4rna en ans\u00f6kan med e-post: rekry@recion.com<\/p>\n<p><\/p>\n<p><\/p>\n<p><\/p>\t\t\t\t\t\t\t\t<\/div>\n\t\t\t\t<\/div>\n\t\t\t\t\t<\/div>\n\t\t\t\t<\/div>\n\t\t\t\t<\/div>","protected":false},"excerpt":{"rendered":"<p>Workplace safety, comprehensive training, ambitious projects and a committed team of professionals make Recion a great place to work. We [&#8230;]<\/p>\n<p><a class=\"btn btn-secondary understrap-read-more-link\" href=\"https:\/\/www.recion.com\/se\/about-us\/careers\/\">L\u00e4s mer<\/a><\/p>\n","protected":false},"author":12,"featured_media":837,"parent":111,"menu_order":0,"comment_status":"closed","ping_status":"closed","template":"","meta":{"_acf_changed":false,"content-type":"","footnotes":""},"class_list":["post-773","page","type-page","status-publish","has-post-thumbnail","hentry"],"acf":[],"_links":{"self":[{"href":"https:\/\/www.recion.com\/se\/wp-json\/wp\/v2\/pages\/773","targetHints":{"allow":["GET"]}}],"collection":[{"href":"https:\/\/www.recion.com\/se\/wp-json\/wp\/v2\/pages"}],"about":[{"href":"https:\/\/www.recion.com\/se\/wp-json\/wp\/v2\/types\/page"}],"author":[{"embeddable":true,"href":"https:\/\/www.recion.com\/se\/wp-json\/wp\/v2\/users\/12"}],"replies":[{"embeddable":true,"href":"https:\/\/www.recion.com\/se\/wp-json\/wp\/v2\/comments?post=773"}],"version-history":[{"count":1,"href":"https:\/\/www.recion.com\/se\/wp-json\/wp\/v2\/pages\/773\/revisions"}],"predecessor-version":[{"id":4543,"href":"https:\/\/www.recion.com\/se\/wp-json\/wp\/v2\/pages\/773\/revisions\/4543"}],"up":[{"embeddable":true,"href":"https:\/\/www.recion.com\/se\/wp-json\/wp\/v2\/pages\/111"}],"wp:featuredmedia":[{"embeddable":true,"href":"https:\/\/www.recion.com\/se\/wp-json\/wp\/v2\/media\/837"}],"wp:attachment":[{"href":"https:\/\/www.recion.com\/se\/wp-json\/wp\/v2\/media?parent=773"}],"curies":[{"name":"wp","href":"https:\/\/api.w.org\/{rel}","templated":true}]}}