{"id":4120,"date":"2024-06-04T10:46:50","date_gmt":"2024-06-04T07:46:50","guid":{"rendered":"https:\/\/recion.theo.enson.se\/?page_id=4120"},"modified":"2024-06-04T10:48:14","modified_gmt":"2024-06-04T07:48:14","slug":"industries","status":"publish","type":"page","link":"https:\/\/www.recion.com\/se\/industries\/","title":{"rendered":"Industrier"},"content":{"rendered":"<p>Recion Ltd levererar tj\u00e4nster till flera olika branscher p\u00e5 en m\u00e4ngd olika geografiska platser. Olika branscher kr\u00e4ver ofta s\u00e4rskild expertis n\u00e4r det g\u00e4ller arbetsmilj\u00f6n och de krav som st\u00e4lls i de specifika produktionsprocesserna.<\/p>\n\n\n\n<p>Recion Ltd har under sin l\u00e5nga historia arbetat med flera olika branscher. Kunskaperna har omvandlats till specifik branschrelaterad expertis och arbetss\u00e4tt. Dessa ger v\u00e5ra kunder l\u00e4tt m\u00e4tbart v\u00e4rde och s\u00e4kerhet i projektgenomf\u00f6randet.<\/p>\n\n\n\n<p>Vi \u00e4r stolta \u00f6ver att kunna kalla oss marknadsledande n\u00e4r det g\u00e4ller tekniska l\u00f6sningar och genomf\u00f6randet av dessa i n\u00e5gra av de mest kr\u00e4vande kundmilj\u00f6erna.<\/p>","protected":false},"excerpt":{"rendered":"<p>Recion Ltd services multiple different industries in variety of geographical locations. Different industries typically require special expertise in regards of [&#8230;]<\/p>\n<p><a class=\"btn btn-secondary understrap-read-more-link\" href=\"https:\/\/www.recion.com\/se\/industries\/\">L\u00e4s mer<\/a><\/p>\n","protected":false},"author":12,"featured_media":545,"parent":0,"menu_order":0,"comment_status":"closed","ping_status":"closed","template":"","meta":{"_acf_changed":false,"content-type":"","footnotes":""},"class_list":["post-4120","page","type-page","status-publish","has-post-thumbnail","hentry"],"acf":[],"_links":{"self":[{"href":"https:\/\/www.recion.com\/se\/wp-json\/wp\/v2\/pages\/4120","targetHints":{"allow":["GET"]}}],"collection":[{"href":"https:\/\/www.recion.com\/se\/wp-json\/wp\/v2\/pages"}],"about":[{"href":"https:\/\/www.recion.com\/se\/wp-json\/wp\/v2\/types\/page"}],"author":[{"embeddable":true,"href":"https:\/\/www.recion.com\/se\/wp-json\/wp\/v2\/users\/12"}],"replies":[{"embeddable":true,"href":"https:\/\/www.recion.com\/se\/wp-json\/wp\/v2\/comments?post=4120"}],"version-history":[{"count":0,"href":"https:\/\/www.recion.com\/se\/wp-json\/wp\/v2\/pages\/4120\/revisions"}],"wp:featuredmedia":[{"embeddable":true,"href":"https:\/\/www.recion.com\/se\/wp-json\/wp\/v2\/media\/545"}],"wp:attachment":[{"href":"https:\/\/www.recion.com\/se\/wp-json\/wp\/v2\/media?parent=4120"}],"curies":[{"name":"wp","href":"https:\/\/api.w.org\/{rel}","templated":true}]}}