{"id":3680,"date":"2024-05-29T12:05:19","date_gmt":"2024-05-29T09:05:19","guid":{"rendered":"https:\/\/recion.theo.enson.se\/?page_id=3680"},"modified":"2026-03-04T10:12:32","modified_gmt":"2026-03-04T07:12:32","slug":"other","status":"publish","type":"page","link":"https:\/\/www.recion.com\/se\/other\/","title":{"rendered":"\u00d6vriga"},"content":{"rendered":"<p>V\u00e5r kompetens inom material och svetsning \u00e4r mycket omfattande. Denna kunskap kan utnyttjas i m\u00e5nga olika typer av milj\u00f6er. Detta i kombination med v\u00e5r omfattande prefabriceringsf\u00f6rm\u00e5ga ger ett verkligt v\u00e4rde till alla r\u00f6rprojekt. Om du eller din kund har behov av ett gediget projektcentrerat utf\u00f6rande-team, tveka inte att kontakta oss.<\/p>","protected":false},"excerpt":{"rendered":"<p>Our expertise in materials and welding is very extensive. This knowledge can be utilized in many kinds of surroundings. This [&#8230;]<\/p>\n<p><a class=\"btn btn-secondary understrap-read-more-link\" href=\"https:\/\/www.recion.com\/se\/other\/\">L\u00e4s mer<\/a><\/p>\n","protected":false},"author":12,"featured_media":4387,"parent":0,"menu_order":0,"comment_status":"closed","ping_status":"closed","template":"","meta":{"_acf_changed":false,"content-type":"","footnotes":""},"class_list":["post-3680","page","type-page","status-publish","has-post-thumbnail","hentry"],"acf":[],"_links":{"self":[{"href":"https:\/\/www.recion.com\/se\/wp-json\/wp\/v2\/pages\/3680","targetHints":{"allow":["GET"]}}],"collection":[{"href":"https:\/\/www.recion.com\/se\/wp-json\/wp\/v2\/pages"}],"about":[{"href":"https:\/\/www.recion.com\/se\/wp-json\/wp\/v2\/types\/page"}],"author":[{"embeddable":true,"href":"https:\/\/www.recion.com\/se\/wp-json\/wp\/v2\/users\/12"}],"replies":[{"embeddable":true,"href":"https:\/\/www.recion.com\/se\/wp-json\/wp\/v2\/comments?post=3680"}],"version-history":[{"count":1,"href":"https:\/\/www.recion.com\/se\/wp-json\/wp\/v2\/pages\/3680\/revisions"}],"predecessor-version":[{"id":4773,"href":"https:\/\/www.recion.com\/se\/wp-json\/wp\/v2\/pages\/3680\/revisions\/4773"}],"wp:featuredmedia":[{"embeddable":true,"href":"https:\/\/www.recion.com\/se\/wp-json\/wp\/v2\/media\/4387"}],"wp:attachment":[{"href":"https:\/\/www.recion.com\/se\/wp-json\/wp\/v2\/media?parent=3680"}],"curies":[{"name":"wp","href":"https:\/\/api.w.org\/{rel}","templated":true}]}}