{"id":3678,"date":"2024-05-29T12:05:18","date_gmt":"2024-05-29T09:05:18","guid":{"rendered":"https:\/\/recion.theo.enson.se\/?page_id=3678"},"modified":"2026-03-04T10:12:02","modified_gmt":"2026-03-04T07:12:02","slug":"oil-refinery","status":"publish","type":"page","link":"https:\/\/www.recion.com\/se\/oil-refinery\/","title":{"rendered":"Oljeraffinaderi"},"content":{"rendered":"<p>Petrokemiska industrier har i allm\u00e4nhet mycket h\u00f6ga krav p\u00e5 anl\u00e4ggningens drifttid. Deras effektivitet \u00e4r beroende av b\u00e5de kvalitetsprodukter och av att uppgraderingar och\/eller f\u00f6rnyelser planeras noggrant f\u00f6r att s\u00e4kerst\u00e4lla s\u00e5 korta driftstopp som m\u00f6jligt.<\/p>\n\n\n\n<p>I dessa kr\u00e4vande milj\u00f6er \u00e4r det v\u00e5ra medarbetares expertis och yrkesskicklighet som verkligen ger v\u00e5ra kunder effektivitet och v\u00e4rde. V\u00e5r f\u00f6rst\u00e5else f\u00f6r f\u00f6rh\u00e5llandena p\u00e5 platsen i kombination med v\u00e5rt breda utbud av svetsexpertis g\u00f6r att v\u00e5ra projekt h\u00e5ller vad vi lovar: kvalitet, snabbhet, budget och framf\u00f6r allt s\u00e4kerhet.<\/p>","protected":false},"excerpt":{"rendered":"<p>Petrochemical industries in general have a very high requirement of uptime of the plant. Their efficiency relies of both quality [&#8230;]<\/p>\n<p><a class=\"btn btn-secondary understrap-read-more-link\" href=\"https:\/\/www.recion.com\/se\/oil-refinery\/\">L\u00e4s mer<\/a><\/p>\n","protected":false},"author":12,"featured_media":4387,"parent":0,"menu_order":0,"comment_status":"closed","ping_status":"closed","template":"","meta":{"_acf_changed":false,"content-type":"","footnotes":""},"class_list":["post-3678","page","type-page","status-publish","has-post-thumbnail","hentry"],"acf":[],"_links":{"self":[{"href":"https:\/\/www.recion.com\/se\/wp-json\/wp\/v2\/pages\/3678","targetHints":{"allow":["GET"]}}],"collection":[{"href":"https:\/\/www.recion.com\/se\/wp-json\/wp\/v2\/pages"}],"about":[{"href":"https:\/\/www.recion.com\/se\/wp-json\/wp\/v2\/types\/page"}],"author":[{"embeddable":true,"href":"https:\/\/www.recion.com\/se\/wp-json\/wp\/v2\/users\/12"}],"replies":[{"embeddable":true,"href":"https:\/\/www.recion.com\/se\/wp-json\/wp\/v2\/comments?post=3678"}],"version-history":[{"count":1,"href":"https:\/\/www.recion.com\/se\/wp-json\/wp\/v2\/pages\/3678\/revisions"}],"predecessor-version":[{"id":4772,"href":"https:\/\/www.recion.com\/se\/wp-json\/wp\/v2\/pages\/3678\/revisions\/4772"}],"wp:featuredmedia":[{"embeddable":true,"href":"https:\/\/www.recion.com\/se\/wp-json\/wp\/v2\/media\/4387"}],"wp:attachment":[{"href":"https:\/\/www.recion.com\/se\/wp-json\/wp\/v2\/media?parent=3678"}],"curies":[{"name":"wp","href":"https:\/\/api.w.org\/{rel}","templated":true}]}}