{"id":3677,"date":"2024-05-29T12:05:17","date_gmt":"2024-05-29T09:05:17","guid":{"rendered":"https:\/\/recion.theo.enson.se\/?page_id=3677"},"modified":"2026-03-04T10:10:58","modified_gmt":"2026-03-04T07:10:58","slug":"pulp-and-paper","status":"publish","type":"page","link":"https:\/\/www.recion.com\/se\/pulp-and-paper\/","title":{"rendered":"Massa och papper"},"content":{"rendered":"<p>Massa- och pappersindustrin kr\u00e4ver en hel del f\u00f6rst\u00e5else n\u00e4r det g\u00e4ller att genomf\u00f6ra ett framg\u00e5ngsrikt projekt. Genom \u00e5rtiondena har Recion framg\u00e5ngsrikt kunnat tillhandah\u00e5lla b\u00e5de f\u00f6rst\u00e5else och det faktiska utf\u00f6randet av dessa kr\u00e4vande projekt. V\u00e5ra egna prefabriceringsanl\u00e4ggningar i centrala l\u00e4gen tillhandah\u00e5ller kvalitetsspolar i tid f\u00f6r att b\u00e5de minimera installationstiden och ge v\u00e5ra kunder trygghet n\u00e4r det g\u00e4ller genomf\u00f6randet av projektet som helhet. V\u00e5rt breda utbud av svetscertifikat garanterar v\u00e5r f\u00f6rm\u00e5ga att arbeta med olika material.&nbsp;<\/p>\n\n\n\n<p>Arbetet p\u00e5 platsen kr\u00e4ver en hel del samordning och samarbete mellan flera olika intressenter. V\u00e5rt projektledningsteam har erfarenhet av att arbeta i den h\u00e4r typen av milj\u00f6er och tillf\u00f6r v\u00e5rt kundv\u00e4rde d\u00e4r det beh\u00f6vs.<\/p>","protected":false},"excerpt":{"rendered":"<p>The pulp and paper industry requires a great deal of understanding when it comes to executing a successful project. Throughout [&#8230;]<\/p>\n<p><a class=\"btn btn-secondary understrap-read-more-link\" href=\"https:\/\/www.recion.com\/se\/pulp-and-paper\/\">L\u00e4s mer<\/a><\/p>\n","protected":false},"author":12,"featured_media":4387,"parent":0,"menu_order":0,"comment_status":"closed","ping_status":"closed","template":"","meta":{"_acf_changed":false,"content-type":"","footnotes":""},"class_list":["post-3677","page","type-page","status-publish","has-post-thumbnail","hentry"],"acf":[],"_links":{"self":[{"href":"https:\/\/www.recion.com\/se\/wp-json\/wp\/v2\/pages\/3677","targetHints":{"allow":["GET"]}}],"collection":[{"href":"https:\/\/www.recion.com\/se\/wp-json\/wp\/v2\/pages"}],"about":[{"href":"https:\/\/www.recion.com\/se\/wp-json\/wp\/v2\/types\/page"}],"author":[{"embeddable":true,"href":"https:\/\/www.recion.com\/se\/wp-json\/wp\/v2\/users\/12"}],"replies":[{"embeddable":true,"href":"https:\/\/www.recion.com\/se\/wp-json\/wp\/v2\/comments?post=3677"}],"version-history":[{"count":1,"href":"https:\/\/www.recion.com\/se\/wp-json\/wp\/v2\/pages\/3677\/revisions"}],"predecessor-version":[{"id":4771,"href":"https:\/\/www.recion.com\/se\/wp-json\/wp\/v2\/pages\/3677\/revisions\/4771"}],"wp:featuredmedia":[{"embeddable":true,"href":"https:\/\/www.recion.com\/se\/wp-json\/wp\/v2\/media\/4387"}],"wp:attachment":[{"href":"https:\/\/www.recion.com\/se\/wp-json\/wp\/v2\/media?parent=3677"}],"curies":[{"name":"wp","href":"https:\/\/api.w.org\/{rel}","templated":true}]}}