{"id":167,"date":"2019-04-01T10:52:26","date_gmt":"2019-04-01T10:52:26","guid":{"rendered":"http:\/\/18.197.41.160\/?page_id=167"},"modified":"2025-01-09T12:37:37","modified_gmt":"2025-01-09T09:37:37","slug":"core-competence","status":"publish","type":"page","link":"https:\/\/www.recion.com\/se\/about-us\/core-competence\/","title":{"rendered":"K\u00e4rnkompetens"},"content":{"rendered":"<p class=\"ingressi\">V\u00e5rt fokus \u00e4r att hj\u00e4lpa v\u00e5ra kunder i kr\u00e4vande projekt. L\u00e5ngvarig erfarenhet och intern expertis g\u00f6r det m\u00f6jligt att lyckas med de mer leveranser med stora utmaningar. De h\u00e4r ambiti\u00f6sa projekten g\u00f6r det m\u00f6jligt f\u00f6r oss att kontinuerligt l\u00e4ra oss mer och utvecklas.<\/p>\n\n\n\n<h3 class=\"wp-block-heading\" id=\"project-execution\">Genomf\u00f6rande av projekt<\/h3>\n\n\n\n<p>Vi har omfattande kapacitet att leverera alla n\u00f6dv\u00e4ndiga <a href=\"https:\/\/www.recion.com\/se\/projects\/\" target=\"_blank\" rel=\"noopener\">Tj\u00e4nster<\/a> f\u00f6r dina projekt. V\u00e5r kompetens p\u00e5 h\u00f6g niv\u00e5 inom <a href=\"https:\/\/www.recion.com\/se\/projects\/project-management\/\" target=\"_blank\" rel=\"noopener\">projektf\u00f6rberedelser och projektadministration<\/a>, <a href=\"https:\/\/www.recion.com\/se\/about-us\/safety-at-work\/\" target=\"_blank\" rel=\"noopener\">plats- och s\u00e4kerhetshantering<\/a>, <a href=\"https:\/\/www.recion.com\/se\/projects\/design-and-engineering\/\" target=\"_blank\" rel=\"noopener\">design och teknik<\/a>, <a href=\"https:\/\/www.recion.com\/se\/projects\/procurement\/\" target=\"_blank\" rel=\"noopener\">upphandling<\/a>, <a href=\"https:\/\/www.recion.com\/se\/fabrication\/pipe-prefabrication\/\" target=\"_blank\" rel=\"noopener\">prefabricering<\/a>Tack vare v\u00e5r service, installation och dokumentation f\u00e5r du en smidig resa genom ditt projekt. Allt detta g\u00f6r att vi kan erbjuda en komplett leveranskedja f\u00f6r dina industriella investeringar.<\/p>\n\n\n\n<p>Som f\u00f6rberedelse inf\u00f6r ett projekt prioriterar v\u00e5r seniora projektpersonal att bygga upp en djup f\u00f6rst\u00e5else f\u00f6r dina behov och projektets m\u00e5l, vilket gynnar alla intressenter. Vi visualiserar dessutom v\u00e5rt arbetsfl\u00f6de i f\u00f6rh\u00e5llande till andra intressenter och ditt huvudschema f\u00f6r att m\u00f6jligg\u00f6ra full transparens mellan parterna. Beslut som fattas i b\u00f6rjan av projektet har st\u00f6rst inverkan p\u00e5 resultatet, vilket g\u00f6r att f\u00f6rberedelsefasen \u00e4r av yttersta vikt. F\u00f6r att fr\u00e4mja ditt grundarbete kan vi med hj\u00e4lp av v\u00e5r interna expertis hj\u00e4lpa dig att hitta de b\u00e4sta l\u00f6sningarna, b\u00e5de tekniskt och ekonomiskt.<\/p>\n\n\n\n<h3 class=\"wp-block-heading\">Tid, budget och kvalitet<\/h3>\n\n\n\n<p>Grunden f\u00f6r v\u00e5rt projektgenomf\u00f6rande \u00e4r den gyllene triangeln av tid, budget och kvalitet, kompletterad med s\u00e4kerhet. Det \u00e4r lika viktigt att leverera projektet i tid som att h\u00e5lla budgeten. Dessutom har vi v\u00e5rt eget kvalitetsteam som ser till att leveransen uppfyller dina specifika kvalitetskrav. Och, viktigast av allt, p\u00e5 ett s\u00e4kert s\u00e4tt.<\/p>\n\n\n\n<p>Under anl\u00e4ggningens uppstartsfas s\u00e4kerst\u00e4ller vi att alla aktiviteter f\u00f6r mekanisk komplettering har utf\u00f6rts f\u00f6r att m\u00f6jligg\u00f6ra en s\u00e4ker provk\u00f6rning, uppstart och drift, och f\u00f6r att se till att dina dokument \u00e4r klara f\u00f6r godk\u00e4nnande.<\/p>\n\n\n\n<h3 class=\"wp-block-heading\">Efter projektet<\/h3>\n\n\n\n<p>V\u00e5rt arbete tar inte slut n\u00e4r projektet \u00e4r klart. Vi uppfyller ocks\u00e5 dina garantier och hj\u00e4lper dig under garantitiden. Eventuella reparationer kommer att utf\u00f6ras utan ytterligare dr\u00f6jsm\u00e5l och vi kommer att hj\u00e4lpa dig med ytterligare modifieringar av din produkt n\u00e4r det beh\u00f6vs. Vi kommer att st\u00f6dja din produkt tills cirkeln \u00e4r sluten.<\/p>\n\n\n\n<h3 class=\"wp-block-heading\" id=\"in-house-expertise\">Intern expertis&nbsp;<\/h3>\n\n\n\n<p>En av h\u00f6rnstenarna i v\u00e5r verksamhet som vi alltid har v\u00e4rnat om \u00e4r v\u00e5r interna expertis. Att kunna uppr\u00e4tth\u00e5lla en omfattande intern kompetens - fr\u00e5n experter till konstrukt\u00f6rer, fr\u00e5n prefabricering till projektpersonal p\u00e5 kontor och plats, samt v\u00e5ra egna installationsresurser - m\u00f6jligg\u00f6r en s\u00f6ml\u00f6s kontroll \u00f6ver kvaliteten p\u00e5 v\u00e5ra leveranser och en omfattande portf\u00f6lj av projekttj\u00e4nster. Vi t\u00e4cker hela leveranskedjan fr\u00e5n b\u00f6rjan till slut.<\/p>\n\n\n\n<p>V\u00e5r tj\u00e4nsteportf\u00f6lj omfattar allt fr\u00e5n <a href=\"https:\/\/www.recion.com\/se\/projects\/design-and-engineering\/\" target=\"_blank\" rel=\"noopener\">design<\/a>som tillhandah\u00e5ller de b\u00e4sta l\u00f6sningarna f\u00f6r implementering. I samklang med v\u00e5r <a href=\"http:\/\/recion.com\/en\/projects\/project-management\/\" target=\"_blank\" rel=\"noopener\">projektledning<\/a>v\u00e5r egen in-house <a href=\"http:\/\/recion.com\/en\/projects\/procurement\/\" target=\"_blank\" rel=\"noopener\">upphandling<\/a> organisation kan hitta de mest konkurrenskraftiga priserna f\u00f6r din l\u00f6sning. Tillsammans med v\u00e5rt eget interna lager av h\u00f6gtrycksr\u00f6rmaterial kan vi f\u00f6rkorta leveranstiderna f\u00f6r dina kritiska komponenter.<\/p>\n\n\n\n<h3 class=\"wp-block-heading\">Prefabricering st\u00f6der projekteffektivitet<\/h3>\n\n\n\n<p>Fram\u00f6ver, med tanke p\u00e5 v\u00e5r egen <a href=\"https:\/\/www.recion.com\/se\/fabrication\/pipe-prefabrication\/\" target=\"_blank\" rel=\"noopener\">prefabricering<\/a> med kontrollerad fabriksmilj\u00f6 och m\u00e5ngsidiga funktioner kommer dina prefabricerade produkter att tillverkas p\u00e5 ett effektivt s\u00e4tt. Slutligen erbjuder v\u00e5ra interna installationsresurser, med st\u00f6d av ett noggrant utvalt partnern\u00e4tverk, kompletta utf\u00f6rande tj\u00e4nster f\u00f6r din leverans. Med v\u00e5ra tillg\u00e5ngar kommer dina specifika behov och mer omfattande enheter att levereras professionellt och i r\u00e4tt tid.<\/p>\n\n\n\n<p>Vi tar ocks\u00e5 en aktiv roll i att utbilda framtida experter till nytta f\u00f6r oss alla.<\/p>\n\n\n\n<div class=\"wp-block-media-text alignwide contact-card\"><figure class=\"wp-block-media-text__media\"><img fetchpriority=\"high\" decoding=\"async\" width=\"300\" height=\"300\" src=\"https:\/\/www.recion.com\/wp-content\/uploads\/2022\/11\/Recion_Andreas_Berglund-2.jpg\" alt=\"\" class=\"wp-image-2000 size-full\" srcset=\"https:\/\/www.recion.com\/wp-content\/uploads\/2022\/11\/Recion_Andreas_Berglund-2.jpg 300w, https:\/\/www.recion.com\/wp-content\/uploads\/2022\/11\/Recion_Andreas_Berglund-2-150x150.jpg 150w\" sizes=\"(max-width: 300px) 100vw, 300px\" \/><\/figure><div class=\"wp-block-media-text__content\">\n<p>Din kontaktperson p\u00e5 Recion i<\/p>\n\n\n\n<p class=\"contact-area\"><strong>Projektgenomf\u00f6rande och intern expertis<\/strong><\/p>\n\n\n\n<p class=\"contact-title\">VD OCH KONCERNCHEF<\/p>\n\n\n\n<p class=\"contact-name\">Andreas Berglund<\/p>\n\n\n\n<p class=\"contact-email\"><a href=\"mailto:andreas.berglund@recion.com\"><a href=\"mailto:andreas.berglund@recion.com\">andreas.berglund@recion.com<\/a><\/a><\/p>\n\n\n\n<p class=\"contact-telephone\">T. +46 70 625 7703<\/p>\n<\/div><\/div>\n\n\n\n<p><\/p>","protected":false},"excerpt":{"rendered":"<p>Our focus is to serve our clients in demanding projects. Long-lasting experience and in-house expertise allow success in the more [&#8230;]<\/p>\n<p><a class=\"btn btn-secondary understrap-read-more-link\" href=\"https:\/\/www.recion.com\/se\/about-us\/core-competence\/\">L\u00e4s mer<\/a><\/p>\n","protected":false},"author":12,"featured_media":616,"parent":111,"menu_order":0,"comment_status":"closed","ping_status":"closed","template":"","meta":{"_acf_changed":false,"content-type":"","footnotes":""},"class_list":["post-167","page","type-page","status-publish","has-post-thumbnail","hentry"],"acf":[],"_links":{"self":[{"href":"https:\/\/www.recion.com\/se\/wp-json\/wp\/v2\/pages\/167","targetHints":{"allow":["GET"]}}],"collection":[{"href":"https:\/\/www.recion.com\/se\/wp-json\/wp\/v2\/pages"}],"about":[{"href":"https:\/\/www.recion.com\/se\/wp-json\/wp\/v2\/types\/page"}],"author":[{"embeddable":true,"href":"https:\/\/www.recion.com\/se\/wp-json\/wp\/v2\/users\/12"}],"replies":[{"embeddable":true,"href":"https:\/\/www.recion.com\/se\/wp-json\/wp\/v2\/comments?post=167"}],"version-history":[{"count":0,"href":"https:\/\/www.recion.com\/se\/wp-json\/wp\/v2\/pages\/167\/revisions"}],"up":[{"embeddable":true,"href":"https:\/\/www.recion.com\/se\/wp-json\/wp\/v2\/pages\/111"}],"wp:featuredmedia":[{"embeddable":true,"href":"https:\/\/www.recion.com\/se\/wp-json\/wp\/v2\/media\/616"}],"wp:attachment":[{"href":"https:\/\/www.recion.com\/se\/wp-json\/wp\/v2\/media?parent=167"}],"curies":[{"name":"wp","href":"https:\/\/api.w.org\/{rel}","templated":true}]}}