{"id":1604,"date":"2022-04-20T11:43:15","date_gmt":"2022-04-20T08:43:15","guid":{"rendered":"http:\/\/54.93.207.191\/?page_id=1604"},"modified":"2022-08-29T13:05:42","modified_gmt":"2022-08-29T10:05:42","slug":"industrial-park","status":"publish","type":"page","link":"https:\/\/www.recion.com\/se\/about-us\/industrial-park\/","title":{"rendered":"Industripark"},"content":{"rendered":"<p class=\"ingressi\">R-Yrityspuisto industripark \u00e4r ett gemensamt utvecklingsprojekt mellan Recion Ltd och staden Ylivieska. Projektet syftar till att bygga en ny och b\u00e4ttre industripark. R-Yrityspuisto \u00e4r ett modernt aff\u00e4rscentrum som erbjuder ett brett utbud av tj\u00e4nster till f\u00f6retag - fr\u00e5n fabriksfunktioner till design- och upphandlingskonsultation.<\/p>\n\n\n\n<p>Entrepren\u00f6rskap, kunskap och hantverk samlas i R-Yrityspuisto f\u00f6r att tillgodose behoven hos framtida f\u00f6retag. Recions fabriksomr\u00e5de i Ylivieska \u00e4r en kraftfull och effektiv industripark som st\u00f6ds av ett skickligt och m\u00e5ngsidigt n\u00e4tverk.<\/p>\n\n\n\n<p>Staden Ylivieska \u00e4r ett v\u00e4xande och utvecklande regionalt centrum. H\u00e4r finns gott om tj\u00e4nster, ett bekv\u00e4mt boende och m\u00f6jligheter till personlig utveckling och f\u00f6retagstillv\u00e4xt.<\/p>\n\n\n\n<p>Mer information (p\u00e5 finska) finns p\u00e5:&nbsp;<a href=\"https:\/\/www.r-yrityspuisto.fi\" target=\"_blank\" rel=\"noreferrer noopener\">r-yrityspuisto.fi \"<\/a><\/p>","protected":false},"excerpt":{"rendered":"<p>R-Yrityspuisto industrial park is a joint development project between Recion Ltd and the city of Ylivieska. The project aims to [&#8230;]<\/p>\n<p><a class=\"btn btn-secondary understrap-read-more-link\" href=\"https:\/\/www.recion.com\/se\/about-us\/industrial-park\/\">L\u00e4s mer<\/a><\/p>\n","protected":false},"author":12,"featured_media":615,"parent":111,"menu_order":0,"comment_status":"closed","ping_status":"closed","template":"","meta":{"_acf_changed":false,"content-type":"","footnotes":""},"class_list":["post-1604","page","type-page","status-publish","has-post-thumbnail","hentry"],"acf":[],"_links":{"self":[{"href":"https:\/\/www.recion.com\/se\/wp-json\/wp\/v2\/pages\/1604","targetHints":{"allow":["GET"]}}],"collection":[{"href":"https:\/\/www.recion.com\/se\/wp-json\/wp\/v2\/pages"}],"about":[{"href":"https:\/\/www.recion.com\/se\/wp-json\/wp\/v2\/types\/page"}],"author":[{"embeddable":true,"href":"https:\/\/www.recion.com\/se\/wp-json\/wp\/v2\/users\/12"}],"replies":[{"embeddable":true,"href":"https:\/\/www.recion.com\/se\/wp-json\/wp\/v2\/comments?post=1604"}],"version-history":[{"count":0,"href":"https:\/\/www.recion.com\/se\/wp-json\/wp\/v2\/pages\/1604\/revisions"}],"up":[{"embeddable":true,"href":"https:\/\/www.recion.com\/se\/wp-json\/wp\/v2\/pages\/111"}],"wp:featuredmedia":[{"embeddable":true,"href":"https:\/\/www.recion.com\/se\/wp-json\/wp\/v2\/media\/615"}],"wp:attachment":[{"href":"https:\/\/www.recion.com\/se\/wp-json\/wp\/v2\/media?parent=1604"}],"curies":[{"name":"wp","href":"https:\/\/api.w.org\/{rel}","templated":true}]}}