{"id":117,"date":"2019-03-29T12:51:02","date_gmt":"2019-03-29T12:51:02","guid":{"rendered":"http:\/\/18.197.41.160\/?page_id=117"},"modified":"2026-01-14T09:36:30","modified_gmt":"2026-01-14T06:36:30","slug":"pipe-prefabrication","status":"publish","type":"page","link":"https:\/\/www.recion.com\/se\/fabrication\/pipe-prefabrication\/","title":{"rendered":"Varf\u00f6r \u00e4r det bra att prefabricera?"},"content":{"rendered":"<p>Prefabricering i en l\u00e4mplig verkstad med professionell arbetskraft ger stora f\u00f6rdelar f\u00f6r ett r\u00f6rprojekt. Eftersom arbetsf\u00f6rh\u00e5llandena p\u00e5 installationsplatsen ofta \u00e4r utmanande \u00e4r prefabricering i verkstad inte bara kostnadsbesparande utan minskar ocks\u00e5 installationstiden och \u00f6kar arbetss\u00e4kerheten. I ett v\u00e4lplanerat projekt kan upp till 70% till 80% av svetsarna utf\u00f6ras i verkstaden.<\/p>\n\n\n\n<p><\/p>\n\n\n\n<p><strong>50 \u00e5rs erfarenhet<\/strong><\/p>\n\n\n\n<p>I v\u00e5r verkstad i Ylivieska vi har redan 50 \u00e5rs erfarenhet att leverera prefabricerade r\u00f6rledningar till m\u00e5nga olika typer av industrier och projekt. Typiska m\u00e5l f\u00f6r v\u00e5ra kundprojekt \u00e4r kraftpannor, sodapannor, k\u00e4rnkraftverk samt petrokemiska anl\u00e4ggningar och raffinaderier. V\u00e5ra produkter och tj\u00e4nster anv\u00e4ndas ocks\u00e5 ofta inom varvsindustrin, gruvindustrin, processindustrin samt olje- och gasborrningssektorn. Vi arbetar i enlighet med PED\/EN, ASME eller branschspecifika produktstandarder.  Vi kan med stolthet s\u00e4ga att vi har kunskapen, metoderna, maskinerna, verktygen och m\u00e4nniskorna som kr\u00e4vs f\u00f6r att skapa effektiva resultat och framg\u00e5ngsrika projekt. Den h\u00e4r artikeln ger en kort \u00f6versikt \u00f6ver hur vi g\u00f6r det.<\/p>\n\n\n\n<p><\/p>\n\n\n\n<p><strong>F\u00f6rdelarna b\u00f6rjar redan vid konstruktionen<\/strong><\/p>\n\n\n\n<p>Den st\u00f6rsta f\u00f6rdelen som kan uppn\u00e5s med v\u00e5r prefabricering b\u00f6rjar redan i konstruktions- eller upphandlingsfasen; genom att ers\u00e4tta r\u00f6rb\u00f6jar med bockning blir det mycket mindre svetsning och inspektion. Materialanskaffningen blir ocks\u00e5 enklare eftersom det finns f\u00e4rre delar, som bara ers\u00e4tts med lite mer r\u00f6rmaterial. Ju mindre svetsning, desto mindre kostnader, risker och ledtid. Du kan l\u00e4sa mer om v\u00e5r m\u00e5ngsidiga kapacitet f\u00f6r r\u00f6rbockning i <strong><strong><a href=\"https:\/\/www.recion.com\/se\/fabrication\/processes-and-methdo\/\" data-type=\"page\" data-id=\"121\" target=\"_blank\" rel=\"noopener\">Ylivieska Workshop - Processer och metoder<\/a><\/strong>.<\/strong><\/p>\n\n\n\n<p><\/p>\n\n\n\n<p><strong>Svetsning i v\u00e5r verkstad<\/strong><\/p>\n\n\n\n<p>Vi har kommit fram till att svetsning p\u00e5 plats \u00e4r cirka 3 till 5 g\u00e5nger dyrare \u00e4n i verkstad (beroende p\u00e5 fallet). Genom att \u00f6verf\u00f6ra tre fj\u00e4rdedelar av projektets svetsar fr\u00e5n byggplatsen till verkstaden kommer detta att ge stora besparingar. Svetsning i fabriksf\u00f6rh\u00e5llanden \u00e4r snabbare, mer tillf\u00f6rlitlig och s\u00e4krare \u00e4n p\u00e5 plats. Vi har dussintals erfarna svetsare som arbetar p\u00e5 v\u00e5r fabrik med st\u00f6d av kunniga svetsingenj\u00f6rer, och v\u00e5r databas inneh\u00e5ller redan \u00f6ver 1000 WPS:er. Vi har ocks\u00e5 v\u00e5ra egna NDT-inspekt\u00f6rer och v\u00e4rmebehandlingsugnar i v\u00e5r verkstad.<\/p>\n\n\n\n<p><\/p>\n\n\n\n<p><strong>Utmaningar p\u00e5 installationsplatsen - vi har l\u00f6sningen<\/strong><\/p>\n\n\n\n<p>Som tidigare n\u00e4mnts kan f\u00f6rh\u00e5llandena p\u00e5 arbetsplatsen vara sv\u00e5ra och varierande. Arbetstagarna uts\u00e4tts f\u00f6r damm, buller, fukt, vind, h\u00f6ga temperaturer, sv\u00e5ra arbetsst\u00e4llningar, tr\u00e5nga utrymmen, d\u00e5lig belysning och skuggor. I v\u00e5r verkstad har vi stabila f\u00f6rh\u00e5llanden, s\u00e4kra och tillf\u00f6rlitliga maskiner och metoder samt kvalificerad arbetskraft f\u00f6r att tillverka r\u00f6rspolar med exakta dimensioner. Dessa f\u00e4rdiga spolar \u00e4r sedan l\u00e4tta att leverera, lagra och installera p\u00e5 plats. Eftersom b\u00e5de prefabricering och installation kan ske samtidigt f\u00f6rkortas projektets ledtid. V\u00e5r verkstad fungerar som prim\u00e4rt lager f\u00f6r projektets r\u00f6rmaterial och lagrar spolar enligt plan, vilket frig\u00f6r viktigt utrymme p\u00e5 byggplatsen.<\/p>\n\n\n\n<p><\/p>\n\n\n\n<p><strong>Exakt uppskattning av kostnader och ledtid<\/strong><\/p>\n\n\n\n<p>V\u00e5r erfarna s\u00e4ljpersonal och konstrukt\u00f6rer hj\u00e4lper till att fastst\u00e4lla den optimala omfattningen av prefabriceringen f\u00f6r varje r\u00f6rprojekt. Detta leder till en mer exakt uppskattning av b\u00e5de projektkostnader och ledtid. Vi finns h\u00e4r f\u00f6r att hj\u00e4lpa dig att uppn\u00e5 ett framg\u00e5ngsrikt projektgenomf\u00f6rande och utm\u00e4rkt kundn\u00f6jdhet.<\/p>\n\n\n\n<p><\/p>\n\n\n\n<div class=\"wp-block-media-text alignwide is-stacked-on-mobile contact-card\"><figure class=\"wp-block-media-text__media\"><img fetchpriority=\"high\" decoding=\"async\" width=\"300\" height=\"300\" src=\"http:\/\/recion.com\/wp-content\/uploads\/2019\/11\/recion_olli_poutiainen-www.jpg\" alt=\"Olli Poutiainen\" class=\"wp-image-627 size-full\" srcset=\"https:\/\/www.recion.com\/wp-content\/uploads\/2019\/11\/recion_olli_poutiainen-www.jpg 300w, https:\/\/www.recion.com\/wp-content\/uploads\/2019\/11\/recion_olli_poutiainen-www-150x150.jpg 150w\" sizes=\"(max-width: 300px) 100vw, 300px\" \/><\/figure><div class=\"wp-block-media-text__content\">\n<p>Din kontaktperson p\u00e5 Recion i<\/p>\n\n\n\n<p class=\"contact-area\">Prefabricering av r\u00f6r<\/p>\n\n\n\n<p class=\"contact-title\">F\u00f6rs\u00e4ljningschef, Tillverkning<\/p>\n\n\n\n<p class=\"contact-name\">Olli Poutiainen<\/p>\n\n\n\n<p class=\"contact-email\"><a href=\"mailto:olli.poutiainen@recion.com\">olli.poutiainen@recion.com<\/a><\/p>\n\n\n\n<p class=\"contact-telephone\">T. +358 400 374 730<\/p>\n<\/div><\/div>","protected":false},"excerpt":{"rendered":"<p>Prefabrication at appropriate workshop with professional workforce brings great advantages to a piping project. As the working conditions at installation [&#8230;]<\/p>\n<p><a class=\"btn btn-secondary understrap-read-more-link\" href=\"https:\/\/www.recion.com\/se\/fabrication\/pipe-prefabrication\/\">L\u00e4s mer<\/a><\/p>\n","protected":false},"author":12,"featured_media":562,"parent":107,"menu_order":0,"comment_status":"closed","ping_status":"closed","template":"","meta":{"_acf_changed":false,"content-type":"","footnotes":""},"class_list":["post-117","page","type-page","status-publish","has-post-thumbnail","hentry"],"acf":[],"_links":{"self":[{"href":"https:\/\/www.recion.com\/se\/wp-json\/wp\/v2\/pages\/117","targetHints":{"allow":["GET"]}}],"collection":[{"href":"https:\/\/www.recion.com\/se\/wp-json\/wp\/v2\/pages"}],"about":[{"href":"https:\/\/www.recion.com\/se\/wp-json\/wp\/v2\/types\/page"}],"author":[{"embeddable":true,"href":"https:\/\/www.recion.com\/se\/wp-json\/wp\/v2\/users\/12"}],"replies":[{"embeddable":true,"href":"https:\/\/www.recion.com\/se\/wp-json\/wp\/v2\/comments?post=117"}],"version-history":[{"count":2,"href":"https:\/\/www.recion.com\/se\/wp-json\/wp\/v2\/pages\/117\/revisions"}],"predecessor-version":[{"id":4607,"href":"https:\/\/www.recion.com\/se\/wp-json\/wp\/v2\/pages\/117\/revisions\/4607"}],"up":[{"embeddable":true,"href":"https:\/\/www.recion.com\/se\/wp-json\/wp\/v2\/pages\/107"}],"wp:featuredmedia":[{"embeddable":true,"href":"https:\/\/www.recion.com\/se\/wp-json\/wp\/v2\/media\/562"}],"wp:attachment":[{"href":"https:\/\/www.recion.com\/se\/wp-json\/wp\/v2\/media?parent=117"}],"curies":[{"name":"wp","href":"https:\/\/api.w.org\/{rel}","templated":true}]}}