{"id":1052,"date":"2021-10-18T16:40:12","date_gmt":"2021-10-18T13:40:12","guid":{"rendered":"http:\/\/54.93.207.191\/?page_id=1052"},"modified":"2026-03-04T10:17:24","modified_gmt":"2026-03-04T07:17:24","slug":"sustainability","status":"publish","type":"page","link":"https:\/\/www.recion.com\/se\/about-us\/sustainability\/","title":{"rendered":"H\u00e5llbarhet"},"content":{"rendered":"<p class=\"ingressi\">Vi \u00e4r fast beslutna att ta ansvar f\u00f6r en renare milj\u00f6. Att minimera milj\u00f6p\u00e5verkan fr\u00e5n v\u00e5ra arbeten ing\u00e5r i v\u00e5r f\u00f6retagspolicy.<\/p>\n\n\n\n<p>V\u00e5r livscykelanalys garanterar l\u00e5ngsiktiga r\u00f6rl\u00f6sningar f\u00f6r anl\u00e4ggningar och fabriker. Oavsett om det g\u00e4ller en helt ny fabrik eller en modernisering av en befintlig anl\u00e4ggning har vi erfarenheten och f\u00f6rm\u00e5gan att utf\u00f6ra monteringssystem och omfattande nyckelf\u00e4rdiga leveranser.<\/p>\n\n\n\n<h3 class=\"wp-block-heading\">Milj\u00f6ledningssystem<\/h3>\n\n\n\n<p>Vi har ett certifierat milj\u00f6ledningssystem enligt ISO 14001:2015. <a href=\"https:\/\/www.iso.org\/standard\/60857.html\" target=\"_blank\" rel=\"noopener\">ISO 14001:2015<\/a> hj\u00e4lper oss att uppn\u00e5 de avsedda resultaten av v\u00e5rt milj\u00f6ledningssystem, vilket ger v\u00e4rde f\u00f6r milj\u00f6n, f\u00f6retaget och ber\u00f6rda parter.<\/p>\n\n\n\n<p>Vi h\u00e5ller ocks\u00e5 <a href=\"https:\/\/resources.ecovadis.com\/ecovadis-solution-materials\/ecovadis-medals-and-badges\" data-type=\"link\" data-id=\"https:\/\/resources.ecovadis.com\/ecovadis-solution-materials\/ecovadis-medals-and-badges\" target=\"_blank\" rel=\"noopener\">Ecovadis bronsmedalj <\/a>f\u00f6r \u00e5r 2026. <\/p>","protected":false},"excerpt":{"rendered":"<p>We are committed to taking responsibility for a cleaner environment. Minimizing the environmental influence of our works is included in [&#8230;]<\/p>\n<p><a class=\"btn btn-secondary understrap-read-more-link\" href=\"https:\/\/www.recion.com\/se\/about-us\/sustainability\/\">L\u00e4s mer<\/a><\/p>\n","protected":false},"author":12,"featured_media":3767,"parent":111,"menu_order":0,"comment_status":"closed","ping_status":"closed","template":"","meta":{"_acf_changed":false,"content-type":"","footnotes":""},"class_list":["post-1052","page","type-page","status-publish","has-post-thumbnail","hentry"],"acf":[],"_links":{"self":[{"href":"https:\/\/www.recion.com\/se\/wp-json\/wp\/v2\/pages\/1052","targetHints":{"allow":["GET"]}}],"collection":[{"href":"https:\/\/www.recion.com\/se\/wp-json\/wp\/v2\/pages"}],"about":[{"href":"https:\/\/www.recion.com\/se\/wp-json\/wp\/v2\/types\/page"}],"author":[{"embeddable":true,"href":"https:\/\/www.recion.com\/se\/wp-json\/wp\/v2\/users\/12"}],"replies":[{"embeddable":true,"href":"https:\/\/www.recion.com\/se\/wp-json\/wp\/v2\/comments?post=1052"}],"version-history":[{"count":1,"href":"https:\/\/www.recion.com\/se\/wp-json\/wp\/v2\/pages\/1052\/revisions"}],"predecessor-version":[{"id":4775,"href":"https:\/\/www.recion.com\/se\/wp-json\/wp\/v2\/pages\/1052\/revisions\/4775"}],"up":[{"embeddable":true,"href":"https:\/\/www.recion.com\/se\/wp-json\/wp\/v2\/pages\/111"}],"wp:featuredmedia":[{"embeddable":true,"href":"https:\/\/www.recion.com\/se\/wp-json\/wp\/v2\/media\/3767"}],"wp:attachment":[{"href":"https:\/\/www.recion.com\/se\/wp-json\/wp\/v2\/media?parent=1052"}],"curies":[{"name":"wp","href":"https:\/\/api.w.org\/{rel}","templated":true}]}}