{"id":1027,"date":"2021-10-18T16:30:17","date_gmt":"2021-10-18T13:30:17","guid":{"rendered":"http:\/\/54.93.207.191\/?page_id=1027"},"modified":"2022-01-21T17:09:30","modified_gmt":"2022-01-21T14:09:30","slug":"capabilities","status":"publish","type":"page","link":"https:\/\/www.recion.com\/se\/galvanizing\/capabilities\/","title":{"rendered":"Kapacitet"},"content":{"rendered":"<p class=\"ingressi\">Vi erbjuder <a href=\"https:\/\/www.recion.com\/se\/galvanizing\/hot-dip-galvanizing\/\" target=\"_blank\" rel=\"noopener\">varmf\u00f6rzinkning<\/a> som satsf\u00f6rzinkning och spinnf\u00f6rzinkning. V\u00e5ra medarbetare hj\u00e4lper dig g\u00e4rna att v\u00e4lja l\u00e4mplig behandlingstyp. Kontakta oss med detaljer om dina behov f\u00f6r att f\u00e5 en offert.<\/p>\n\n\n\n<h3 class=\"wp-block-heading\">Satsf\u00f6rzinkning och spinnf\u00f6rzinkning<\/h3>\n\n\n\n<p>Med satsf\u00f6rzinkning kan vi behandla st\u00f6rre enskilda delar. Spinnf\u00f6rzinkning \u00e4r en metod f\u00f6r att behandla ett st\u00f6rre antal mindre delar.<\/p>\n\n\n\n<p>Maximal storlek p\u00e5 de delar som ska galvaniseras:<\/p>\n\n\n\n<ul class=\"wp-block-list\"><li>Behandling med en enda doppning: 6,3 x 1,3 x 1,8 m<\/li><li>Dubbel doppning: 9,0 x 0,4 x 0,4 m<\/li><li>F\u00f6rzinkning genom centrifugering: 0,5 x 0,3 m<\/li><\/ul>\n\n\n\n<div class=\"wp-block-media-text alignwide is-stacked-on-mobile contact-card\"><figure class=\"wp-block-media-text__media\"><img fetchpriority=\"high\" decoding=\"async\" width=\"300\" height=\"300\" src=\"http:\/\/recion.com\/wp-content\/uploads\/2019\/11\/recion_pekka_poutiainen-www.jpg\" alt=\"Pekka Poutiainen\" class=\"wp-image-628 size-full\" srcset=\"https:\/\/www.recion.com\/wp-content\/uploads\/2019\/11\/recion_pekka_poutiainen-www.jpg 300w, https:\/\/www.recion.com\/wp-content\/uploads\/2019\/11\/recion_pekka_poutiainen-www-150x150.jpg 150w\" sizes=\"(max-width: 300px) 100vw, 300px\" \/><\/figure><div class=\"wp-block-media-text__content\">\n<p>Din kontaktperson p\u00e5 Recion i<\/p>\n\n\n\n<p class=\"contact-area\">Ytbehandling<\/p>\n\n\n\n<p class=\"contact-title\">Chef, Galvanisering<\/p>\n\n\n\n<p class=\"contact-name\">Pekka Poutiainen<\/p>\n\n\n\n<p class=\"contact-email\"><a href=\"mailto:pekka.poutiainen@recion.com\">pekka.poutiainen@recion.com<\/a><\/p>\n\n\n\n<p class=\"contact-telephone\">T. +358 40 830 7342<\/p>\n<\/div><\/div>","protected":false},"excerpt":{"rendered":"<p>We offer hot-dip galvanizing as batch galvanizing and spin galvanizing. Our professionals are happy to help you in deciding the [&#8230;]<\/p>\n<p><a class=\"btn btn-secondary understrap-read-more-link\" href=\"https:\/\/www.recion.com\/se\/galvanizing\/capabilities\/\">L\u00e4s mer<\/a><\/p>\n","protected":false},"author":12,"featured_media":529,"parent":123,"menu_order":0,"comment_status":"closed","ping_status":"closed","template":"","meta":{"_acf_changed":false,"content-type":"","footnotes":""},"class_list":["post-1027","page","type-page","status-publish","has-post-thumbnail","hentry"],"acf":[],"_links":{"self":[{"href":"https:\/\/www.recion.com\/se\/wp-json\/wp\/v2\/pages\/1027","targetHints":{"allow":["GET"]}}],"collection":[{"href":"https:\/\/www.recion.com\/se\/wp-json\/wp\/v2\/pages"}],"about":[{"href":"https:\/\/www.recion.com\/se\/wp-json\/wp\/v2\/types\/page"}],"author":[{"embeddable":true,"href":"https:\/\/www.recion.com\/se\/wp-json\/wp\/v2\/users\/12"}],"replies":[{"embeddable":true,"href":"https:\/\/www.recion.com\/se\/wp-json\/wp\/v2\/comments?post=1027"}],"version-history":[{"count":0,"href":"https:\/\/www.recion.com\/se\/wp-json\/wp\/v2\/pages\/1027\/revisions"}],"up":[{"embeddable":true,"href":"https:\/\/www.recion.com\/se\/wp-json\/wp\/v2\/pages\/123"}],"wp:featuredmedia":[{"embeddable":true,"href":"https:\/\/www.recion.com\/se\/wp-json\/wp\/v2\/media\/529"}],"wp:attachment":[{"href":"https:\/\/www.recion.com\/se\/wp-json\/wp\/v2\/media?parent=1027"}],"curies":[{"name":"wp","href":"https:\/\/api.w.org\/{rel}","templated":true}]}}