{"id":3678,"date":"2024-05-29T12:05:18","date_gmt":"2024-05-29T09:05:18","guid":{"rendered":"https:\/\/recion.theo.enson.se\/?page_id=3678"},"modified":"2026-03-04T10:12:02","modified_gmt":"2026-03-04T07:12:02","slug":"oil-refinery","status":"publish","type":"page","link":"https:\/\/www.recion.com\/fi\/oil-refinery\/","title":{"rendered":"\u00d6ljynjalostus"},"content":{"rendered":"<p>Petrokemian teollisuudella on yleisesti eritt\u00e4in korkeat vaatimukset laitoksen toimintavarmuudelle. Niiden tehokkuus perustuu sek\u00e4 laadukkaisiin tuotteisiin sek\u00e4 siihen, ett\u00e4 laitosten p\u00e4ivitykset ja\/tai uusimiset suunnitellaan huolellisesti, jotta voidaan varmistaa mahdollisimman lyhyt seisokkiaika.<\/p>\n\n\n\n<p>N\u00e4iss\u00e4 vaativissa olosuhteissa ty\u00f6ntekij\u00f6idemme asiantuntemus ja ammattitaito todella tuovat tehokkuutta ja arvoa asiakkaillemme. Ty\u00f6maan olosuhteiden ymm\u00e4rt\u00e4minen yhdistettyn\u00e4 laajaan hitsausosaamiseen tekee hankkeistamme sellaisia kuin lupaamme: laadukkaita, nopeita, budjetin mukaisia ja ennen kaikkea turvallisia.<\/p>","protected":false},"excerpt":{"rendered":"<p>Petrochemical industries in general have a very high requirement of uptime of the plant. Their efficiency relies of both quality [&#8230;]<\/p>\n<p><a class=\"btn btn-secondary understrap-read-more-link\" href=\"https:\/\/www.recion.com\/fi\/oil-refinery\/\">Read More&#8230;<\/a><\/p>\n","protected":false},"author":12,"featured_media":4387,"parent":0,"menu_order":0,"comment_status":"closed","ping_status":"closed","template":"","meta":{"_acf_changed":false,"content-type":"","footnotes":""},"class_list":["post-3678","page","type-page","status-publish","has-post-thumbnail","hentry"],"acf":[],"_links":{"self":[{"href":"https:\/\/www.recion.com\/fi\/wp-json\/wp\/v2\/pages\/3678","targetHints":{"allow":["GET"]}}],"collection":[{"href":"https:\/\/www.recion.com\/fi\/wp-json\/wp\/v2\/pages"}],"about":[{"href":"https:\/\/www.recion.com\/fi\/wp-json\/wp\/v2\/types\/page"}],"author":[{"embeddable":true,"href":"https:\/\/www.recion.com\/fi\/wp-json\/wp\/v2\/users\/12"}],"replies":[{"embeddable":true,"href":"https:\/\/www.recion.com\/fi\/wp-json\/wp\/v2\/comments?post=3678"}],"version-history":[{"count":1,"href":"https:\/\/www.recion.com\/fi\/wp-json\/wp\/v2\/pages\/3678\/revisions"}],"predecessor-version":[{"id":4772,"href":"https:\/\/www.recion.com\/fi\/wp-json\/wp\/v2\/pages\/3678\/revisions\/4772"}],"wp:featuredmedia":[{"embeddable":true,"href":"https:\/\/www.recion.com\/fi\/wp-json\/wp\/v2\/media\/4387"}],"wp:attachment":[{"href":"https:\/\/www.recion.com\/fi\/wp-json\/wp\/v2\/media?parent=3678"}],"curies":[{"name":"wp","href":"https:\/\/api.w.org\/{rel}","templated":true}]}}