{"id":1024,"date":"2021-10-18T16:29:16","date_gmt":"2021-10-18T13:29:16","guid":{"rendered":"http:\/\/54.93.207.191\/?page_id=1024"},"modified":"2022-01-21T17:09:15","modified_gmt":"2022-01-21T14:09:15","slug":"hot-dip-galvanizing","status":"publish","type":"page","link":"https:\/\/www.recion.com\/fi\/galvanizing\/hot-dip-galvanizing\/","title":{"rendered":"Kuumasinkitys"},"content":{"rendered":"<p class=\"ingressi\">Kuumasinkitys on kest\u00e4v\u00e4, ymp\u00e4rist\u00f6yst\u00e4v\u00e4llinen ja kustannustehokas tapa suojata ter\u00e4s ymp\u00e4rist\u00f6n aiheuttamalta korroosiolta.<\/p>\n\n\n\n<h3 class=\"wp-block-heading\">Pintak\u00e4sittely suojaa korroosiolta<\/h3>\n\n\n\n<p>Sen lis\u00e4ksi, ett\u00e4 kuumasinkitys antaa erinomaisen suojan korroosiota vastaan, se auttaa my\u00f6s korjaamaan asennukseen tai k\u00e4ytt\u00f6\u00f6n liittyvi\u00e4 vaurioita. T\u00e4st\u00e4 syyst\u00e4 se on suosittu pintak\u00e4sittelymenetelm\u00e4, jota k\u00e4ytet\u00e4\u00e4n laajalti rakennusteollisuudessa, rautatie-, tie- ja voimajohtorakentamisessa sek\u00e4 ajoneuvo- ja konepajarakenteissa ja esimerkiksi pihakalusteissa.<\/p>\n\n\n\n<p>Kuumasinkitys tarjoaa erinomaisen huoltovapaan korroosiosuojauksen, joka kest\u00e4\u00e4 vuosikymmeni\u00e4.<\/p>\n\n\n\n<div class=\"wp-block-media-text alignwide is-stacked-on-mobile contact-card\"><figure class=\"wp-block-media-text__media\"><img fetchpriority=\"high\" decoding=\"async\" width=\"300\" height=\"300\" src=\"http:\/\/recion.com\/wp-content\/uploads\/2019\/11\/recion_pekka_poutiainen-www.jpg\" alt=\"Pekka Poutiainen\" class=\"wp-image-628 size-full\" srcset=\"https:\/\/www.recion.com\/wp-content\/uploads\/2019\/11\/recion_pekka_poutiainen-www.jpg 300w, https:\/\/www.recion.com\/wp-content\/uploads\/2019\/11\/recion_pekka_poutiainen-www-150x150.jpg 150w\" sizes=\"(max-width: 300px) 100vw, 300px\" \/><\/figure><div class=\"wp-block-media-text__content\">\n<p>Recion-yhteyshenkil\u00f6si<\/p>\n\n\n\n<p class=\"contact-area\">Pintak\u00e4sittely<\/p>\n\n\n\n<p class=\"contact-title\">Tulosyksik\u00f6n p\u00e4\u00e4llikk\u00f6, sinkitys<\/p>\n\n\n\n<p class=\"contact-name\">Pekka Poutiainen<\/p>\n\n\n\n<p class=\"contact-email\"><a href=\"mailto:pekka.poutiainen@recion.com\">pekka.poutiainen@recion.com<\/a><\/p>\n\n\n\n<p class=\"contact-telephone\">T. +358 40 830 7342<\/p>\n<\/div><\/div>","protected":false},"excerpt":{"rendered":"<p>Hot-dip galvanizing is a durable, environmentally friendly and cost-effective way of protecting steel against environmental corrosion. Surface treatment protects from [&#8230;]<\/p>\n<p><a class=\"btn btn-secondary understrap-read-more-link\" href=\"https:\/\/www.recion.com\/fi\/galvanizing\/hot-dip-galvanizing\/\">Read More&#8230;<\/a><\/p>\n","protected":false},"author":12,"featured_media":529,"parent":123,"menu_order":0,"comment_status":"closed","ping_status":"closed","template":"","meta":{"_acf_changed":false,"content-type":"","footnotes":""},"class_list":["post-1024","page","type-page","status-publish","has-post-thumbnail","hentry"],"acf":[],"_links":{"self":[{"href":"https:\/\/www.recion.com\/fi\/wp-json\/wp\/v2\/pages\/1024","targetHints":{"allow":["GET"]}}],"collection":[{"href":"https:\/\/www.recion.com\/fi\/wp-json\/wp\/v2\/pages"}],"about":[{"href":"https:\/\/www.recion.com\/fi\/wp-json\/wp\/v2\/types\/page"}],"author":[{"embeddable":true,"href":"https:\/\/www.recion.com\/fi\/wp-json\/wp\/v2\/users\/12"}],"replies":[{"embeddable":true,"href":"https:\/\/www.recion.com\/fi\/wp-json\/wp\/v2\/comments?post=1024"}],"version-history":[{"count":0,"href":"https:\/\/www.recion.com\/fi\/wp-json\/wp\/v2\/pages\/1024\/revisions"}],"up":[{"embeddable":true,"href":"https:\/\/www.recion.com\/fi\/wp-json\/wp\/v2\/pages\/123"}],"wp:featuredmedia":[{"embeddable":true,"href":"https:\/\/www.recion.com\/fi\/wp-json\/wp\/v2\/media\/529"}],"wp:attachment":[{"href":"https:\/\/www.recion.com\/fi\/wp-json\/wp\/v2\/media?parent=1024"}],"curies":[{"name":"wp","href":"https:\/\/api.w.org\/{rel}","templated":true}]}}