{"id":125,"date":"2019-03-29T12:54:16","date_gmt":"2019-03-29T12:54:16","guid":{"rendered":"http:\/\/18.197.41.160\/?page_id=125"},"modified":"2023-08-09T11:06:23","modified_gmt":"2023-08-09T08:06:23","slug":"certificate-base","status":"publish","type":"page","link":"https:\/\/www.recion.com\/se\/certificates\/certificate-base\/","title":{"rendered":"Bas f\u00f6r certifikat"},"content":{"rendered":"<p class=\"ingressi\">V\u00e5ra certifieringar och licenser visar p\u00e5 v\u00e5r omfattande kunskap och kompetens. De certifikat som presenteras nedan g\u00f6r det m\u00f6jligt f\u00f6r oss att genomf\u00f6ra projekt med den h\u00f6gsta graden av granskning.<\/p>\n\n\n\n<p><strong>ISO 9001:2015<\/strong><br>Certifikat f\u00f6r kvalitetsledningssystem<\/p>\n\n\n\n<p><strong>ISO 14001:2015<\/strong><br>Certifikat f\u00f6r milj\u00f6ledningssystem<\/p>\n\n\n\n<p><strong>ISO 45001:2018<\/strong><br>Certifikat f\u00f6r system f\u00f6r h\u00e4lsa och s\u00e4kerhet p\u00e5 arbetsplatsen<\/p>\n\n\n\n<p><strong>ISO 3834-2:2021<\/strong><br>Omfattande certifikat f\u00f6r hantering av svetssystem<\/p>\n\n\n\n<p><strong>ASME S<\/strong><br>ASME-st\u00e4mpelcertifikat f\u00f6r tillverkning av ASME-r\u00f6rsystem och r\u00f6rkomponenter f\u00f6r kraftpannor<\/p>\n\n\n\n<p><strong>PED 2014\/68\/EU Modul H<\/strong><br>Certifikat enligt direktivet om tryckb\u00e4rande anordningar. Viktigt f\u00f6r r\u00f6rledningar i PED-klass I - III. G\u00f6r det m\u00f6jligt att utf\u00e4rda egen CE-m\u00e4rkning f\u00f6r r\u00f6rleveransen.<\/p>\n\n\n\n<p><strong>SFS-EN 1090-1<\/strong><br>Tillverkningscertifikat f\u00f6r st\u00e5lkonstruktioner i Ylivieska-verkstaden. N\u00f6dv\u00e4ndigt vid tillverkning av st\u00e5lkonstruktioner och byggsatser med CE-m\u00e4rkning.&nbsp;<\/p>\n\n\n\n<p><strong>EN 764-5 \/ EN 13480, EN 12952, EN 13445, EN 10216-2, -3, -4, -5, EN 10217-2, -3, -4, -5, -7, EN 10028-1, -2, -3, -4, -7<br><\/strong>Produktionscertifikat f\u00f6r r\u00f6r av kolst\u00e5l och legerat st\u00e5l till Ylivieska-verkstaden<\/p>\n\n\n\n<p><strong>Vna 558\/2012 Godk\u00e4nd f\u00f6r gas klass A installation av TUKES Licens nr. 6277\/39\/2018<br><\/strong>Installationscertifikat f\u00f6r r\u00f6rledningar f\u00f6r flytande gas och naturgas<\/p>\n\n\n\n<p><strong>ISO 1461, ISO 14713-2, EN 1090-2<\/strong><br>Certifiering av varmf\u00f6rzinkning f\u00f6r produktion i Ylivieska-verkstaden<\/p>\n\n\n\n<p><strong>STUK: verksamhet i s\u00e4kerhetsklass 1-3<\/strong><br>Certifikat f\u00f6r s\u00e4kerhetsklassning av r\u00f6rledningar och tryckk\u00e4rl f\u00f6r de finska k\u00e4rnkraftverken Loviisa och Olkiluoto<br>Lovisa 1 &amp; 2 NPP r\u00f6rledningsprojekt s\u00e4kerhetsklass 1 - 3<br>Olkiluoto 1, 2 &amp; 3 NPP r\u00f6rledningsprojekt s\u00e4kerhetsklass 1 - 3<\/p>\n\n\n\n<div class=\"wp-block-media-text alignwide is-stacked-on-mobile contact-card\"><figure class=\"wp-block-media-text__media\"><img fetchpriority=\"high\" decoding=\"async\" width=\"300\" height=\"300\" src=\"http:\/\/recion.com\/wp-content\/uploads\/2021\/11\/recion-kuvaus_2019-05-16_minna_uusi_www-1.jpg\" alt=\"\" class=\"wp-image-1393 size-full\" srcset=\"https:\/\/www.recion.com\/wp-content\/uploads\/2021\/11\/recion-kuvaus_2019-05-16_minna_uusi_www-1.jpg 300w, https:\/\/www.recion.com\/wp-content\/uploads\/2021\/11\/recion-kuvaus_2019-05-16_minna_uusi_www-1-150x150.jpg 150w\" sizes=\"(max-width: 300px) 100vw, 300px\" \/><\/figure><div class=\"wp-block-media-text__content\">\n<p>Din kontaktperson p\u00e5 Recion i<\/p>\n\n\n\n<p class=\"contact-area\"><strong>Bas f\u00f6r certifikat<\/strong><\/p>\n\n\n\n<p class=\"contact-title\">Kvalitetschef<\/p>\n\n\n\n<p class=\"contact-name\">Minna T\u00f6rr\u00f6nen<\/p>\n\n\n\n<p class=\"contact-email\"><a href=\"mailto:minna.torronen@recion.com\">minna.torronen@recion.com<\/a><\/p>\n\n\n\n<p class=\"contact-telephone\">T. +358 500 674 799<\/p>\n<\/div><\/div>","protected":false},"excerpt":{"rendered":"<p>Our certifications and licenses show our comprehensive knowledge and competence. The certificate base presented below enables us to execute projects [&#8230;]<\/p>\n<p><a class=\"btn btn-secondary understrap-read-more-link\" href=\"https:\/\/www.recion.com\/se\/certificates\/certificate-base\/\">L\u00e4s mer<\/a><\/p>\n","protected":false},"author":12,"featured_media":236,"parent":109,"menu_order":0,"comment_status":"closed","ping_status":"closed","template":"","meta":{"_acf_changed":false,"content-type":"","footnotes":""},"class_list":["post-125","page","type-page","status-publish","has-post-thumbnail","hentry"],"acf":[],"_links":{"self":[{"href":"https:\/\/www.recion.com\/se\/wp-json\/wp\/v2\/pages\/125","targetHints":{"allow":["GET"]}}],"collection":[{"href":"https:\/\/www.recion.com\/se\/wp-json\/wp\/v2\/pages"}],"about":[{"href":"https:\/\/www.recion.com\/se\/wp-json\/wp\/v2\/types\/page"}],"author":[{"embeddable":true,"href":"https:\/\/www.recion.com\/se\/wp-json\/wp\/v2\/users\/12"}],"replies":[{"embeddable":true,"href":"https:\/\/www.recion.com\/se\/wp-json\/wp\/v2\/comments?post=125"}],"version-history":[{"count":0,"href":"https:\/\/www.recion.com\/se\/wp-json\/wp\/v2\/pages\/125\/revisions"}],"up":[{"embeddable":true,"href":"https:\/\/www.recion.com\/se\/wp-json\/wp\/v2\/pages\/109"}],"wp:featuredmedia":[{"embeddable":true,"href":"https:\/\/www.recion.com\/se\/wp-json\/wp\/v2\/media\/236"}],"wp:attachment":[{"href":"https:\/\/www.recion.com\/se\/wp-json\/wp\/v2\/media?parent=125"}],"curies":[{"name":"wp","href":"https:\/\/api.w.org\/{rel}","templated":true}]}}