{"id":107,"date":"2019-03-29T12:44:40","date_gmt":"2019-03-29T12:44:40","guid":{"rendered":"http:\/\/18.197.41.160\/?page_id=107"},"modified":"2021-10-19T11:35:33","modified_gmt":"2021-10-19T08:35:33","slug":"fabrication","status":"publish","type":"page","link":"https:\/\/www.recion.com\/se\/fabrication\/","title":{"rendered":"Tillverkning"},"content":{"rendered":"<p class=\"ingressi\">Vi \u00e4r stolta \u00f6ver att vara en av de \u00e4ldsta och mest m\u00e5ngsidiga r\u00f6rtillverkarna i norra Europa. Vi har tj\u00e4nat v\u00e5ra olika kunder i \u00e5rtionden med kr\u00e4vande <a href=\"https:\/\/www.recion.com\/se\/fabrication\/high-pressure-piping-fabrication\/\" target=\"_blank\" rel=\"noopener\">h\u00f6gtrycksenheter<\/a> och <a href=\"https:\/\/www.recion.com\/se\/fabrication\/components-and-special-products\/\" target=\"_blank\" rel=\"noopener\">specialkomponenter<\/a>samt mindre kr\u00e4vande <a href=\"https:\/\/www.recion.com\/se\/fabrication\/pipe-prefabrication\/\" target=\"_blank\" rel=\"noopener\">Produkter<\/a>. Vi hj\u00e4lper dig g\u00e4rna, oavsett om du bara beh\u00f6ver mindre komponenter eller om du beh\u00f6ver tillverkning f\u00f6r st\u00f6rre projekt.<\/p>\n\n\n\n<h3 class=\"wp-block-heading\">Prefabricering av komponenter<\/h3>\n\n\n\n<p>Vid sidan av f\u00f6rs\u00e4ljningen mellan f\u00f6retag \u00e4r v\u00e5r tillverkningsverkstad en integrerad del av v\u00e5r kompletta leveranskedja. I samklang med v\u00e5r <a href=\"https:\/\/www.recion.com\/se\/projects\/design-and-engineering\/\" target=\"_blank\" rel=\"noopener\">design<\/a> och <a href=\"https:\/\/www.recion.com\/se\/projects\/procurement\/\" target=\"_blank\" rel=\"noopener\">upphandling<\/a>V\u00e5r tillverkningskapacitet m\u00f6jligg\u00f6r ett smidigt samarbete, snabba l\u00f6sningar och en h\u00f6gre grad av flexibilitet i projektgenomf\u00f6randet. Vi har ocks\u00e5 ett eget lager f\u00f6r h\u00f6gtrycksr\u00f6r f\u00f6r att kunna p\u00e5skynda dina leveranser.<\/p>\n\n\n\n<h3 class=\"wp-block-heading\">ASME- och STUK-auktoriserad r\u00f6rtillverkning<\/h3>\n\n\n\n<p><a href=\"https:\/\/www.recion.com\/se\/certificates\/ped-and-asme\/\" target=\"_blank\" rel=\"noopener\">ASME<\/a> \u00e4r en av v\u00e5ra k\u00e4rnstyrkor. Vi \u00e4r en av f\u00e5 fabriker i Europa som \u00e4r auktoriserad av American Society of Mechanical Engineers (ASME). Dessutom \u00e4r vi en godk\u00e4nd tillverkare av Str\u00e5ls\u00e4kerhetscentralen i Finland (STUK). Vi \u00e4r ocks\u00e5 en <a href=\"https:\/\/www.recion.com\/se\/certificates\/ce-marking\/\" target=\"_blank\" rel=\"noopener\">CE-certifierad<\/a> tillverkare av metallr\u00f6r och licensierad f\u00f6r tillverkning av varm- och kallformade delar samt svetsade delar till tryckb\u00e4rande anordningar.<\/p>","protected":false},"excerpt":{"rendered":"<p>We pride ourselves to be one of the oldest and versatile piping manufacturers in Northern Europe. We have served our [&#8230;]<\/p>\n<p><a class=\"btn btn-secondary understrap-read-more-link\" href=\"https:\/\/www.recion.com\/se\/fabrication\/\">L\u00e4s mer<\/a><\/p>\n","protected":false},"author":12,"featured_media":559,"parent":0,"menu_order":0,"comment_status":"closed","ping_status":"closed","template":"","meta":{"_acf_changed":false,"content-type":"","footnotes":""},"class_list":["post-107","page","type-page","status-publish","has-post-thumbnail","hentry"],"acf":[],"_links":{"self":[{"href":"https:\/\/www.recion.com\/se\/wp-json\/wp\/v2\/pages\/107","targetHints":{"allow":["GET"]}}],"collection":[{"href":"https:\/\/www.recion.com\/se\/wp-json\/wp\/v2\/pages"}],"about":[{"href":"https:\/\/www.recion.com\/se\/wp-json\/wp\/v2\/types\/page"}],"author":[{"embeddable":true,"href":"https:\/\/www.recion.com\/se\/wp-json\/wp\/v2\/users\/12"}],"replies":[{"embeddable":true,"href":"https:\/\/www.recion.com\/se\/wp-json\/wp\/v2\/comments?post=107"}],"version-history":[{"count":1,"href":"https:\/\/www.recion.com\/se\/wp-json\/wp\/v2\/pages\/107\/revisions"}],"predecessor-version":[{"id":4545,"href":"https:\/\/www.recion.com\/se\/wp-json\/wp\/v2\/pages\/107\/revisions\/4545"}],"wp:featuredmedia":[{"embeddable":true,"href":"https:\/\/www.recion.com\/se\/wp-json\/wp\/v2\/media\/559"}],"wp:attachment":[{"href":"https:\/\/www.recion.com\/se\/wp-json\/wp\/v2\/media?parent=107"}],"curies":[{"name":"wp","href":"https:\/\/api.w.org\/{rel}","templated":true}]}}