{"id":90,"date":"2019-03-29T12:33:28","date_gmt":"2019-03-29T12:33:28","guid":{"rendered":"http:\/\/18.197.41.160\/?page_id=90"},"modified":"2026-02-10T07:11:12","modified_gmt":"2026-02-10T04:11:12","slug":"energy","status":"publish","type":"page","link":"https:\/\/www.recion.com\/fi\/services\/energy\/","title":{"rendered":"Energia"},"content":{"rendered":"<p class=\"ingressi\">Korkeapainevoimakattiloiden putkistotoimitukset ovat olleet ydinliiketoimintaamme useiden vuosikymmenien ajan. Voimme tarjota t\u00e4ydellisi\u00e4 avaimet k\u00e4teen -toimituksia korkeapaine-energiaputkistoista, jotka koostuvat seuraavista osista <a href=\"https:\/\/www.recion.com\/fi\/projects\/design-and-engineering\/\" target=\"_blank\" rel=\"noopener\">yksityiskohtainen suunnittelu<\/a>, <a href=\"https:\/\/www.recion.com\/fi\/projects\/procurement\/\" target=\"_blank\" rel=\"noopener\">materiaalit<\/a>, <a href=\"https:\/\/www.recion.com\/fi\/fabrication\/\" target=\"_blank\" rel=\"noopener\">esivalmistus<\/a> ja asennus kaikenlaisiin voimalaitoksiin, my\u00f6s maakaasuvoimaloihin.<\/p>\n\n\n\n<p>Materiaalien valinta ja valmistusmenetelmien ymm\u00e4rt\u00e4minen on olennaisen t\u00e4rke\u00e4\u00e4 hankkeen onnistuneen toteuttamisen kannalta. Yrityksemme sis\u00e4inen tiet\u00e4mys erikoisl\u00e4mm\u00f6nkest\u00e4vist\u00e4 seostetuista ter\u00e4smateriaaleista voidaan hy\u00f6dynt\u00e4\u00e4 parhaiten, kun koko toimitusketju otetaan mukaan hankkeeseen. N\u00e4in yksityiskohtaisessa suunnittelussamme voidaan hy\u00f6dynt\u00e4\u00e4 ratkaisuja, joissa yhdistyv\u00e4t parhaiden valmistusk\u00e4yt\u00e4nt\u00f6jemme ansiot ja omien asennusresurssiemme ammattitaito.<\/p>\n\n\n\n<div class=\"wp-block-media-text alignwide contact-card\"><figure class=\"wp-block-media-text__media\"><img fetchpriority=\"high\" decoding=\"async\" width=\"300\" height=\"300\" src=\"https:\/\/recion.com\/wp-content\/uploads\/2021\/11\/profile-nobody.png\" alt=\"\" class=\"wp-image-1379 size-full\" srcset=\"https:\/\/www.recion.com\/wp-content\/uploads\/2021\/11\/profile-nobody.png 300w, https:\/\/www.recion.com\/wp-content\/uploads\/2021\/11\/profile-nobody-150x150.png 150w\" sizes=\"(max-width: 300px) 100vw, 300px\" \/><\/figure><div class=\"wp-block-media-text__content\">\n<p>Recion-yhteyshenkil\u00f6si<\/p>\n\n\n\n<p class=\"contact-area\"><strong>Energia<\/strong><\/p>\n\n\n\n<p class=\"contact-title\">Energia ja prosessiyksik\u00f6n p\u00e4\u00e4llikk\u00f6<\/p>\n\n\n\n<p class=\"contact-name\">Toni Ojaj\u00e4rvi<\/p>\n\n\n\n<p class=\"contact-email\"><a href=\"mailto:toni.ojajarvi@recion.com\">toni.ojajarvi@recion.com<\/a><\/p>\n\n\n\n<p class=\"contact-telephone\">T. +358 50 309 7876<\/p>\n<\/div><\/div>","protected":false},"excerpt":{"rendered":"<p>High-pressure power piping deliveries have been our core business for several decades. We can provide complete turn-key high-pressure energy piping [&#8230;]<\/p>\n<p><a class=\"btn btn-secondary understrap-read-more-link\" href=\"https:\/\/www.recion.com\/fi\/services\/energy\/\">Read More&#8230;<\/a><\/p>\n","protected":false},"author":12,"featured_media":610,"parent":74,"menu_order":0,"comment_status":"closed","ping_status":"closed","template":"","meta":{"_acf_changed":false,"content-type":"","footnotes":""},"class_list":["post-90","page","type-page","status-publish","has-post-thumbnail","hentry"],"acf":[],"_links":{"self":[{"href":"https:\/\/www.recion.com\/fi\/wp-json\/wp\/v2\/pages\/90","targetHints":{"allow":["GET"]}}],"collection":[{"href":"https:\/\/www.recion.com\/fi\/wp-json\/wp\/v2\/pages"}],"about":[{"href":"https:\/\/www.recion.com\/fi\/wp-json\/wp\/v2\/types\/page"}],"author":[{"embeddable":true,"href":"https:\/\/www.recion.com\/fi\/wp-json\/wp\/v2\/users\/12"}],"replies":[{"embeddable":true,"href":"https:\/\/www.recion.com\/fi\/wp-json\/wp\/v2\/comments?post=90"}],"version-history":[{"count":3,"href":"https:\/\/www.recion.com\/fi\/wp-json\/wp\/v2\/pages\/90\/revisions"}],"predecessor-version":[{"id":4677,"href":"https:\/\/www.recion.com\/fi\/wp-json\/wp\/v2\/pages\/90\/revisions\/4677"}],"up":[{"embeddable":true,"href":"https:\/\/www.recion.com\/fi\/wp-json\/wp\/v2\/pages\/74"}],"wp:featuredmedia":[{"embeddable":true,"href":"https:\/\/www.recion.com\/fi\/wp-json\/wp\/v2\/media\/610"}],"wp:attachment":[{"href":"https:\/\/www.recion.com\/fi\/wp-json\/wp\/v2\/media?parent=90"}],"curies":[{"name":"wp","href":"https:\/\/api.w.org\/{rel}","templated":true}]}}