{"id":81,"date":"2019-03-29T12:25:47","date_gmt":"2019-03-29T12:25:47","guid":{"rendered":"http:\/\/18.197.41.160\/?page_id=81"},"modified":"2023-08-09T11:03:50","modified_gmt":"2023-08-09T08:03:50","slug":"design-and-engineering","status":"publish","type":"page","link":"https:\/\/www.recion.com\/fi\/services\/design-and-engineering\/","title":{"rendered":"Suunnittelu ja tekniikka"},"content":{"rendered":"<p class=\"ingressi\">Suunnittelu- ja insin\u00f6\u00f6ripalvelumme varmistavat hankkeen onnistuneen toteutuksen aina esisuunnittelusta lopulliseen dokumentointiin. Suunnittelijamme ovat valmistus- ja asennusmenetelmien asiantuntijoita sek\u00e4 perehtyneit\u00e4 EN- ja ASME standardeihin ja PED m\u00e4\u00e4r\u00e4yksiin. <a href=\"https:\/\/www.recion.com\/fi\/certificates\/ped-and-asme\/\" target=\"_blank\" rel=\"noopener\">ASME<\/a> standardit ja <a href=\"https:\/\/www.recion.com\/fi\/certificates\/ped-and-asme\/\" target=\"_blank\" rel=\"noopener\">PED<\/a> m\u00e4\u00e4r\u00e4ykset.<\/p>\n\n\n\n<p>Jatkuva vuorovaikutus <a href=\"https:\/\/www.recion.com\/fi\/fabrication\/\" target=\"_blank\" rel=\"noopener\">valmistus<\/a> ja asennusryhmien v\u00e4lill\u00e4 lyhent\u00e4\u00e4 hankkeen toteuttamisen l\u00e4pimenoaikoja. Huolellinen suunnittelu minimoi mahdolliset riskit ja ongelmat hankkeen my\u00f6hemmiss\u00e4 vaiheissa ja helpottaa toimitusta aikataulussa ja budjetissa.<\/p>\n\n\n\n<h3 class=\"wp-block-heading\">Putkistojen suunnittelu ja 3D-mallinnus<\/h3>\n\n\n\n<p>Vankka kokemuksemme ja nykyaikaiset suunnitteluohjelmistomme ovat olennainen osa onnistunutta projektia suunnittelusta toteutukseen. Pystymme toimittamaan vaativimmatkin putkistosuunnittelu-, asennussuunnittelu-, tukisuunnittelu- ja insin\u00f6\u00f6ripalvelut siten, ett\u00e4 ne mahdollistavat laitoksen rakentamisen ja tukevat my\u00f6s materiaalinhallintaa, ty\u00f6nsuunnittelua ja edistymisen seurantaa.<\/p>\n\n\n\n<h3 class=\"wp-block-heading\">Hankeasiakirjat<\/h3>\n\n\n\n<p>Ennen projektin luovutusta kaikki dokumentoidaan asianmukaisesti, olivatpa kyseess\u00e4 viranomaisasiakirjat tai toteutusvaiheen asiakirjat. Asiakirjahallintaprosessimme varmistaa, ett\u00e4 asiakirjasi ovat turvallisesti j\u00e4rjestyksess\u00e4.<\/p>\n\n\n\n<p><\/p>","protected":false},"excerpt":{"rendered":"<p>Our design and engineering services ensure a successful project execution from preplanning to final documentation. Our designers are experts in [&#8230;]<\/p>\n<p><a class=\"btn btn-secondary understrap-read-more-link\" href=\"https:\/\/www.recion.com\/fi\/services\/design-and-engineering\/\">Read More&#8230;<\/a><\/p>\n","protected":false},"author":12,"featured_media":609,"parent":74,"menu_order":0,"comment_status":"closed","ping_status":"closed","template":"","meta":{"_acf_changed":false,"content-type":"","footnotes":""},"class_list":["post-81","page","type-page","status-publish","has-post-thumbnail","hentry"],"acf":[],"_links":{"self":[{"href":"https:\/\/www.recion.com\/fi\/wp-json\/wp\/v2\/pages\/81","targetHints":{"allow":["GET"]}}],"collection":[{"href":"https:\/\/www.recion.com\/fi\/wp-json\/wp\/v2\/pages"}],"about":[{"href":"https:\/\/www.recion.com\/fi\/wp-json\/wp\/v2\/types\/page"}],"author":[{"embeddable":true,"href":"https:\/\/www.recion.com\/fi\/wp-json\/wp\/v2\/users\/12"}],"replies":[{"embeddable":true,"href":"https:\/\/www.recion.com\/fi\/wp-json\/wp\/v2\/comments?post=81"}],"version-history":[{"count":0,"href":"https:\/\/www.recion.com\/fi\/wp-json\/wp\/v2\/pages\/81\/revisions"}],"up":[{"embeddable":true,"href":"https:\/\/www.recion.com\/fi\/wp-json\/wp\/v2\/pages\/74"}],"wp:featuredmedia":[{"embeddable":true,"href":"https:\/\/www.recion.com\/fi\/wp-json\/wp\/v2\/media\/609"}],"wp:attachment":[{"href":"https:\/\/www.recion.com\/fi\/wp-json\/wp\/v2\/media?parent=81"}],"curies":[{"name":"wp","href":"https:\/\/api.w.org\/{rel}","templated":true}]}}