{"id":1684,"date":"2022-05-11T12:17:55","date_gmt":"2022-05-11T09:17:55","guid":{"rendered":"http:\/\/54.93.207.191\/?page_id=1684"},"modified":"2024-06-18T09:39:54","modified_gmt":"2024-06-18T06:39:54","slug":"ped-and-asme","status":"publish","type":"page","link":"https:\/\/www.recion.com\/fi\/certificates\/ped-and-asme\/","title":{"rendered":"PED ja ASME"},"content":{"rendered":"<p class=\"ingressi\">Meill\u00e4 on sertifioitu <a href=\"https:\/\/www.recion.com\/fi\/fabrication\/\" target=\"_blank\" rel=\"noopener\">valmistus<\/a> EN 13480-sarjan metalliset teollisuusputkistot vaatimustenmukaisuuteen perustuvan t\u00e4ydellisen laadunvarmistusj\u00e4rjestelm\u00e4mme (H-moduuli) mukaisesti PED-luokkaan III asti. CE-merkityt metalliset teollisuusputkistot varmistavat, ett\u00e4 vaatimukset ovat PED:n mukaisia, mik\u00e4 takaa loppuasiakkaalle turvallisen ja laadukkaan tuotteen.<\/p>\n\n\n\n<p>Teollisuusputkistojen valmistuksen lis\u00e4ksi meill\u00e4 on my\u00f6s lupa valmistaa kuuma- ja kylm\u00e4muovattuja sek\u00e4 hitsattuja osia painelaitteisiin. T\u00e4m\u00e4 sertifiointi mahdollistaa putkikaarien, supistimien ja puolipy\u00f6reiden p\u00e4iden valmistuksen. Osien valmistuksen laatuj\u00e4rjestelm\u00e4mme t\u00e4ytt\u00e4\u00e4 direktiivin 2014\/68\/EU, EN764-5, EN13480 ja EN12952 m\u00e4\u00e4r\u00e4ykset ja vaatimukset.&nbsp;<\/p>\n\n\n\n<h3 class=\"wp-block-heading\">ASME-hyv\u00e4ksytty<\/h3>\n\n\n\n<p>Vastaavasti meill\u00e4 on American Society of Mechanical Engineers (ASME) -j\u00e4rjest\u00f6n my\u00f6nt\u00e4m\u00e4 valtuutus valmistaa ASME-S-leiman mukaisesti. S-leima oikeuttaa meid\u00e4t valmistamaan ja kokoamaan voimakattiloita Ylivieskan ty\u00f6pajallamme ja ty\u00f6maakohteissa ASME-koodin mukaisesti.<\/p>\n\n\n\n<div class=\"wp-block-media-text alignwide is-stacked-on-mobile contact-card\"><figure class=\"wp-block-media-text__media\"><img fetchpriority=\"high\" decoding=\"async\" width=\"300\" height=\"300\" src=\"http:\/\/recion.com\/wp-content\/uploads\/2021\/11\/recion-kuvaus_2019-05-16_minna_uusi_www-1.jpg\" alt=\"\" class=\"wp-image-1393 size-full\" srcset=\"https:\/\/www.recion.com\/wp-content\/uploads\/2021\/11\/recion-kuvaus_2019-05-16_minna_uusi_www-1.jpg 300w, https:\/\/www.recion.com\/wp-content\/uploads\/2021\/11\/recion-kuvaus_2019-05-16_minna_uusi_www-1-150x150.jpg 150w\" sizes=\"(max-width: 300px) 100vw, 300px\" \/><\/figure><div class=\"wp-block-media-text__content\">\n<p>Recion-yhteyshenkil\u00f6si<\/p>\n\n\n\n<p class=\"contact-area\"><strong>PED ja ASME<\/strong><\/p>\n\n\n\n<p class=\"contact-title\">Laatup\u00e4\u00e4llikk\u00f6<\/p>\n\n\n\n<p class=\"contact-name\">Minna T\u00f6rr\u00f6nen<\/p>\n\n\n\n<p class=\"contact-email\"><a href=\"mailto:minna.torronen@recion.com\">minna.torronen@recion.com<\/a><\/p>\n\n\n\n<p class=\"contact-telephone\">T. +358 500 674 799<\/p>\n<\/div><\/div>","protected":false},"excerpt":{"rendered":"<p>We are certified to manufacture EN 13480-series metallic industrial piping according to our conformity-based full quality assurance system (H-module), up [&#8230;]<\/p>\n<p><a class=\"btn btn-secondary understrap-read-more-link\" href=\"https:\/\/www.recion.com\/fi\/certificates\/ped-and-asme\/\">Read More&#8230;<\/a><\/p>\n","protected":false},"author":12,"featured_media":561,"parent":109,"menu_order":0,"comment_status":"closed","ping_status":"closed","template":"","meta":{"_acf_changed":false,"content-type":"","footnotes":""},"class_list":["post-1684","page","type-page","status-publish","has-post-thumbnail","hentry"],"acf":[],"_links":{"self":[{"href":"https:\/\/www.recion.com\/fi\/wp-json\/wp\/v2\/pages\/1684","targetHints":{"allow":["GET"]}}],"collection":[{"href":"https:\/\/www.recion.com\/fi\/wp-json\/wp\/v2\/pages"}],"about":[{"href":"https:\/\/www.recion.com\/fi\/wp-json\/wp\/v2\/types\/page"}],"author":[{"embeddable":true,"href":"https:\/\/www.recion.com\/fi\/wp-json\/wp\/v2\/users\/12"}],"replies":[{"embeddable":true,"href":"https:\/\/www.recion.com\/fi\/wp-json\/wp\/v2\/comments?post=1684"}],"version-history":[{"count":0,"href":"https:\/\/www.recion.com\/fi\/wp-json\/wp\/v2\/pages\/1684\/revisions"}],"up":[{"embeddable":true,"href":"https:\/\/www.recion.com\/fi\/wp-json\/wp\/v2\/pages\/109"}],"wp:featuredmedia":[{"embeddable":true,"href":"https:\/\/www.recion.com\/fi\/wp-json\/wp\/v2\/media\/561"}],"wp:attachment":[{"href":"https:\/\/www.recion.com\/fi\/wp-json\/wp\/v2\/media?parent=1684"}],"curies":[{"name":"wp","href":"https:\/\/api.w.org\/{rel}","templated":true}]}}