{"id":131,"date":"2019-03-29T12:56:44","date_gmt":"2019-03-29T12:56:44","guid":{"rendered":"http:\/\/18.197.41.160\/?page_id=131"},"modified":"2023-09-04T12:28:47","modified_gmt":"2023-09-04T09:28:47","slug":"welding-expertise","status":"publish","type":"page","link":"https:\/\/www.recion.com\/fi\/certificates\/welding-expertise\/","title":{"rendered":"Hitsausosaaminen"},"content":{"rendered":"<p class=\"ingressi\">P\u00e4\u00e4tuotteitamme ovat tehdasvalmisteiset putkistokomponentit ja -kokoonpanot eri teollisuudenaloille. Tuotteemme vastaavat erityisesti energia-, prosessi-, ydin-, offshore- ja meriteollisuuden tarpeisiin. Tarjoamme my\u00f6s kokonaistoimituksia, jotka kattavat kaiken putkistojen suunnittelusta esivalmistettujen putkistojen asennukseen.<\/p>\n\n\n\n<p>Meill\u00e4 on vuosikymmenten kokemus vaativien putkistojen esivalmistuksesta Ylivieskassa sijaitsevassa konepajassamme ja putkistojen asennuksesta paikan p\u00e4\u00e4ll\u00e4. Asiantuntemuksemme n\u00e4kyy ammattitaitoisessa ja sitoutuneessa henkil\u00f6kunnassamme sek\u00e4 laajassa valikoimassamme hitsausmenetelmien m\u00e4\u00e4rittelyj\u00e4.<\/p>\n\n\n\n<p>Hitsauksen hallintaj\u00e4rjestelm\u00e4mme on EN ISO 3834-2 -sertifioitu.<\/p>\n\n\n\n<h3 class=\"wp-block-heading\">Hitsausmenetelmien m\u00e4\u00e4ritelm\u00e4t<\/h3>\n\n\n\n<p>Hitsausmenetelmien valikoima kattaa tyypilliset manuaaliset ja mekanisoidut hitsausprosessit sek\u00e4 laajan valikoiman erilaisia materiaaleja ja mittoja. Olemme erikoistuneet korkeaseosteisten l\u00e4mm\u00f6nkest\u00e4vien materiaalien hitsaukseen.<\/p>\n\n\n\n<p>Tyypillisten hitsausprosessien lis\u00e4ksi tarjolla on my\u00f6s TIG-orbitaalihitsauspalvelua.<\/p>\n\n\n\n<h3 class=\"wp-block-heading\">Suomalaisten laatutuotteiden vienti<\/h3>\n\n\n\n<p>Suuri osa tuotannostamme vied\u00e4\u00e4n ymp\u00e4ri maailmaa. Eurooppa, Aasia ja Amerikka ovat meille t\u00e4rkeit\u00e4 markkinoita. Asiakkaamme arvostavat suomalaisen laadun korkeaa luotettavuutta ja nopeita vasteaikoja. Pystymme tarjoamaan sopivimman hitsausratkaisun kaikenkokoisiin putkistoihin ja projekteihin.<\/p>\n\n\n\n<figure class=\"wp-block-image\"><img fetchpriority=\"high\" decoding=\"async\" width=\"730\" height=\"318\" src=\"http:\/\/recion.com\/wp-content\/uploads\/2019\/11\/DSC_3406x.jpg\" alt=\"\" class=\"wp-image-636\" srcset=\"https:\/\/www.recion.com\/wp-content\/uploads\/2019\/11\/DSC_3406x.jpg 730w, https:\/\/www.recion.com\/wp-content\/uploads\/2019\/11\/DSC_3406x-300x131.jpg 300w\" sizes=\"(max-width: 730px) 100vw, 730px\" \/><\/figure>\n\n\n\n<h4 class=\"wp-block-heading\">Kattava valikoima materiaaleja ja prosesseja<\/h4>\n\n\n\n<p>P\u00e4tevien hitsausmenetelmien valikoimassamme (WPQR eli Welding Procedure Qualification Record) on noin 1000 menetelm\u00e4\u00e4. WPQR:ien avulla testataan, ett\u00e4 erilaisilla hitsausprosesseilla ja materiaaliyhdistelmill\u00e4 tehdyt hitsaukset ovat korkealaatuisia ja t\u00e4ytt\u00e4v\u00e4t asetetut vaatimukset; eli ne vastaavat k\u00e4ytt\u00f6tarkoituksen mukaista kuormitusta ja muita ennakoitavissa olevia olosuhteita.<\/p>\n\n\n\n<p>Hitsausmenetelm\u00e4m\u00e4\u00e4rittelyt (WPS) valitaan aina hitsattavien osien materiaalin ja mittojen mukaan. Hitsaamme erilaisia hiiliter\u00e4ksi\u00e4, korkean l\u00e4mp\u00f6tilan ja l\u00e4mm\u00f6nkest\u00e4vi\u00e4 ter\u00e4ksi\u00e4, erilaisia ruostumattomia ter\u00e4ksi\u00e4, titaania ja nikkeliseoksia.<\/p>\n\n\n\n<p>Laajassa varastossamme on my\u00f6s hyv\u00e4 valikoima erilaisia putki- ja levymateriaaleja. Tarvittaessa valmistamme varastossamme olevista materiaaleista komponentteja lyhyess\u00e4 ajassa. Pyrimme erityisesti pit\u00e4m\u00e4\u00e4n varastossamme harvinaisempia materiaaleja sek\u00e4 puolipallop\u00e4\u00e4tyj\u00e4, joita ty\u00f6st\u00e4mme asiakkaan tarpeiden mukaan tiettyihin mittoihin.<\/p>\n\n\n\n<p>Me hitsaamme ja\nty\u00f6st\u00e4mme putkia halkaisijaltaan 10 millimetrist\u00e4 yl\u00f6sp\u00e4in. Sein\u00e4m\u00e4n paksuus\nputkien paksuus vaihtelee 1-100 millimetriin. Yksitt\u00e4istapauksissa sein\u00e4m\u00e4n paksuus voi jopa ylitt\u00e4\u00e4\n100 mm.  Yleisimmin putkien sein\u00e4m\u00e4n paksuus vaihtelee yleens\u00e4 2-50 mm:n v\u00e4lill\u00e4. Levyjen hitsauksessa levyjen paksuus vaihtelee 2-100 mm:n v\u00e4lill\u00e4.<\/p>\n\n\n\n<p>Hitsausprosessivalikoimaamme kuuluvat TIG-, MAG-, FCAW-, SMAW-, SAW- ja mekaaninen TIG-orbitaalihitsaus. Teemme FCAW-hitsausta sek\u00e4 manuaalisesti ett\u00e4 koneellisesti.<\/p>\n\n\n\n<p>TIG-orbitaalihitsauksella, joka on mekanisoitu hitsausprosessi, tehdyt hitsaukset t\u00e4ytt\u00e4v\u00e4t korkeimmat laatuvaatimukset. K\u00e4yt\u00e4mme t\u00e4t\u00e4 hitsausprosessia haastavissa sovelluksissa, kuten ydin- ja \u00f6ljyteollisuuden tilaust\u00f6iss\u00e4. N\u00e4iss\u00e4 kohteissa valvomme ja ohjaamme hitsauslaitteita tarvittaessa ja mahdollisuuksien mukaan et\u00e4n\u00e4 kameravalvonnan avulla.<\/p>\n\n\n\n<p>TIG-orbitaalihitsaukseen meill\u00e4 on todenn\u00e4k\u00f6isesti Suomen kattavin WPQR-kanta. TIG-orbitaalihitsauksella pystymme hitsaamaan hyvin paksuja materiaaleja kapeaa rakotekniikkaa hy\u00f6dynt\u00e4en.<\/p>\n\n\n\n<h4 class=\"wp-block-heading\">Monipuolinen konevalikoima<\/h4>\n\n\n\n<p>Valmistamme putkistotuotteet esivalmisteisina, jotta ne olisivat mahdollisimman asennusvalmiita konepajassamme. T\u00e4m\u00e4 etuk\u00e4teisvalmistus helpottaa projektinhallintaa, tuo s\u00e4\u00e4st\u00f6j\u00e4 kokonaiskustannuksissa, v\u00e4hent\u00e4\u00e4 urakoitsijan tai asiakkaan ty\u00f6maalla teht\u00e4v\u00e4n ty\u00f6n m\u00e4\u00e4r\u00e4\u00e4 ja minimoi hitsauksen laatuun vaikuttavat riskitekij\u00e4t.<\/p>\n\n\n\n<p>Esivalmistettujen osien kokoa rajoittavat p\u00e4\u00e4asiassa kappaleen k\u00e4sittely ty\u00f6maalla ja kuljetuksen tekniset n\u00e4k\u00f6kohdat.Tehdasvalmisteiset tuotteet\nkuljetetaan rakennusty\u00f6maille kuorma-autolla tai kuljetuskontissa.<\/p>\n\n\n\n<p>Korjaamomme monipuolinen laitevalikoima vastaa nykyaikaisen teollisuuden tarpeisiin sek\u00e4 valmistus- ett\u00e4 korjaussovelluksissa. K\u00e4yt\u00f6ss\u00e4mme on sorveja ja ty\u00f6st\u00f6reiki\u00e4, joilla voidaan valmistaa esimerkiksi hitsaussivuja ja rei'ityksi\u00e4 putkiin. Lis\u00e4ksi meill\u00e4 on muotti- ja taivutuskoneita, joilla voimme tehd\u00e4 sek\u00e4 induktio- ett\u00e4 kylm\u00e4taivutusta.<\/p>\n\n\n\n<p>Induktiotaivutus on yksi osaamisalueistamme. Olemme erikoistuneet paksusein\u00e4isten putkien taivutukseen - palveluun, jota ei ole saatavilla muualla Suomessa. Induktiotaivutuksella pystymme taivuttamaan putkia jopa 900 mm ulkohalkaisijaan ja 90 mm sein\u00e4m\u00e4npaksuuteen asti.<\/p>\n\n\n\n<p>Tarjoamme lis\u00e4ksi ty\u00f6st\u00f6- ja sorvauspalveluja paikan p\u00e4\u00e4ll\u00e4. Ammattitaitoinen henkil\u00f6kuntamme voi my\u00f6s suorittaa tarvittavat koneistus- ja sorvausteht\u00e4v\u00e4t paikan p\u00e4\u00e4ll\u00e4 siirrett\u00e4vill\u00e4 laitteilla. N\u00e4iss\u00e4 palveluissa keskityt\u00e4\u00e4n <a href=\"\/fi\/solutions\/energy\/\">voimalaitoksen rakentaminen<\/a> sivustot, <a href=\"\/fi\/solutions\/nuclear\/\">ydinteollisuus<\/a> ja \u00f6ljynjalostamot.<\/p>\n\n\n\n<figure class=\"wp-block-image\"><img decoding=\"async\" width=\"730\" height=\"318\" src=\"http:\/\/recion.com\/wp-content\/uploads\/2019\/11\/DSC_2644.jpg\" alt=\"\" class=\"wp-image-635\" srcset=\"https:\/\/www.recion.com\/wp-content\/uploads\/2019\/11\/DSC_2644.jpg 730w, https:\/\/www.recion.com\/wp-content\/uploads\/2019\/11\/DSC_2644-300x131.jpg 300w\" sizes=\"(max-width: 730px) 100vw, 730px\" \/><\/figure>\n\n\n\n<h4 class=\"wp-block-heading\">Tunnustettu laatu<\/h4>\n\n\n\n<p>Ty\u00f6t\u00e4mme ja tuotteita valvovat useat eri tahot, kuten Kiwa Inspecta ja American Society of Mechanical Engineers (ASME).<\/p>\n\n\n\n<p>Kun putkistoj\u00e4rjestelm\u00e4 luokitellaan painelaitteeksi, noudatamme EU:n painelaitedirektiivi\u00e4 (PED 2014\/68\/EU). H-, A2- tai A-moduulin mukaisten putkistojen valmistuksessa voimme varustaa putkiston CE-merkinn\u00e4ll\u00e4.<\/p>\n\n\n\n<p>Vastaavasti Amerikan markkinoille viet\u00e4v\u00e4t tuotteet merkit\u00e4\u00e4n S-merkill\u00e4 ASME-standardin mukaisesti.<\/p>\n\n\n\n<p>Meill\u00e4 on lupa asentaa nestekaasu- ja maakaasuputkia (luokka A) ja tehd\u00e4 sinkkipinnoitteita kuumasinkityksell\u00e4 Ylivieskan ty\u00f6pajassamme. Lis\u00e4ksi meill\u00e4 on <a href=\"\/fi\/certificates\/certificate-base\/\">tuotantotodistukset<\/a> hiili- ja seostettujen ter\u00e4stuotteiden ja ter\u00e4srakenteiden osalta.<\/p>\n\n\n\n<p>Kaikki hitsaajamme ja hitsausoperaattorimme ovat p\u00e4tev\u00f6ityneet EN ISO 9606- tai EN ISO 14732 -standardien mukaisesti. Lis\u00e4ksi aliurakoitsijamme ja yhteisty\u00f6kumppanimme auditoidaan joko kolmannen osapuolen tai meid\u00e4n toimesta.<\/p>\n\n\n\n<div class=\"wp-block-media-text alignwide is-stacked-on-mobile contact-card\"><figure class=\"wp-block-media-text__media\"><img decoding=\"async\" width=\"300\" height=\"300\" src=\"http:\/\/recion.com\/wp-content\/uploads\/2019\/12\/jaaskela-atte-www.jpg\" alt=\"Atte J\u00e4\u00e4skel\u00e4\" class=\"wp-image-648 size-full\" srcset=\"https:\/\/www.recion.com\/wp-content\/uploads\/2019\/12\/jaaskela-atte-www.jpg 300w, https:\/\/www.recion.com\/wp-content\/uploads\/2019\/12\/jaaskela-atte-www-150x150.jpg 150w\" sizes=\"(max-width: 300px) 100vw, 300px\" \/><\/figure><div class=\"wp-block-media-text__content\">\n<p>Recion-yhteyshenkil\u00f6si<\/p>\n\n\n\n<p class=\"contact-area\">Hitsausosaaminen<\/p>\n\n\n\n<p class=\"contact-title\">Hitsauskoordinaattori, IWE<\/p>\n\n\n\n<p class=\"contact-name\">Atte J\u00e4\u00e4skel\u00e4<\/p>\n\n\n\n<p class=\"contact-email\"><a href=\"mailto:atte.jaaskela@recion.com\">atte.jaaskela@recion.com<\/a><\/p>\n\n\n\n<p class=\"contact-telephone\">T. +358 40 843 7889<\/p>\n<\/div><\/div>","protected":false},"excerpt":{"rendered":"<p>Our main products are prefabricated piping components and assemblies for various industrial sectors. Our products meet the needs of energy, [&#8230;]<\/p>\n<p><a class=\"btn btn-secondary understrap-read-more-link\" href=\"https:\/\/www.recion.com\/fi\/certificates\/welding-expertise\/\">Read More&#8230;<\/a><\/p>\n","protected":false},"author":12,"featured_media":566,"parent":109,"menu_order":0,"comment_status":"closed","ping_status":"closed","template":"","meta":{"_acf_changed":false,"content-type":"","footnotes":""},"class_list":["post-131","page","type-page","status-publish","has-post-thumbnail","hentry"],"acf":[],"_links":{"self":[{"href":"https:\/\/www.recion.com\/fi\/wp-json\/wp\/v2\/pages\/131","targetHints":{"allow":["GET"]}}],"collection":[{"href":"https:\/\/www.recion.com\/fi\/wp-json\/wp\/v2\/pages"}],"about":[{"href":"https:\/\/www.recion.com\/fi\/wp-json\/wp\/v2\/types\/page"}],"author":[{"embeddable":true,"href":"https:\/\/www.recion.com\/fi\/wp-json\/wp\/v2\/users\/12"}],"replies":[{"embeddable":true,"href":"https:\/\/www.recion.com\/fi\/wp-json\/wp\/v2\/comments?post=131"}],"version-history":[{"count":0,"href":"https:\/\/www.recion.com\/fi\/wp-json\/wp\/v2\/pages\/131\/revisions"}],"up":[{"embeddable":true,"href":"https:\/\/www.recion.com\/fi\/wp-json\/wp\/v2\/pages\/109"}],"wp:featuredmedia":[{"embeddable":true,"href":"https:\/\/www.recion.com\/fi\/wp-json\/wp\/v2\/media\/566"}],"wp:attachment":[{"href":"https:\/\/www.recion.com\/fi\/wp-json\/wp\/v2\/media?parent=131"}],"curies":[{"name":"wp","href":"https:\/\/api.w.org\/{rel}","templated":true}]}}