{"id":127,"date":"2019-03-29T12:55:12","date_gmt":"2019-03-29T12:55:12","guid":{"rendered":"http:\/\/18.197.41.160\/?page_id=127"},"modified":"2024-09-09T10:46:23","modified_gmt":"2024-09-09T07:46:23","slug":"ce-marking","status":"publish","type":"page","link":"https:\/\/www.recion.com\/fi\/certificates\/ce-marking\/","title":{"rendered":"CE-merkint\u00e4"},"content":{"rendered":"<p class=\"ingressi\">Meill\u00e4 on sertifioitu <a href=\"https:\/\/www.recion.com\/fi\/services\/design-and-engineering\/\" target=\"_blank\" rel=\"noopener\">suunnitteluamme<\/a> ja <a href=\"https:\/\/www.recion.com\/fi\/fabrication\/\" target=\"_blank\" rel=\"noopener\">valmistus<\/a> EN 13480-sarjan metalliset teollisuusputkistot H-moduulin mukaisesti (t\u00e4ydellinen laadunvarmistusj\u00e4rjestelm\u00e4). T\u00e4m\u00e4n ansiosta voimme antaa tuotteillemme CE-merkinn\u00e4n.<\/p>\n\n\n\n<p>CE-merkityt metalliset teollisuusputkistot varmistavat, ett\u00e4 vaatimukset ovat PED:n mukaisia, mik\u00e4 takaa loppuasiakkaalle turvalliset ja laadukkaat tuotteet.<\/p>\n\n\n\n<h3 class=\"wp-block-heading\">EN 1090 standardin EN 13480 lis\u00e4ksi<\/h3>\n\n\n\n<p>Ylivieskassa sijaitsevalla tuotantoyksik\u00f6ll\u00e4mme on sertifikaatti EN 1090-sarjan rakenneter\u00e4skomponenttien ja -sarjojen suunnitteluun ja valmistukseen toteutusluokissa EXC1, EXC2 ja EXC3. Valmistamamme ter\u00e4srakenteet ovat Euroopan parlamentin ja neuvoston 9. maaliskuuta 2011 antaman asetuksen (EU) 305\/2011 (rakennustuoteasetus tai CPR) rakennustuotevaatimusten mukaisia.<\/p>\n\n\n\n<div class=\"wp-block-media-text alignwide is-stacked-on-mobile contact-card\"><figure class=\"wp-block-media-text__media\"><img fetchpriority=\"high\" decoding=\"async\" width=\"300\" height=\"300\" src=\"http:\/\/recion.com\/wp-content\/uploads\/2021\/11\/recion-kuvaus_2019-05-16_minna_uusi_www-1.jpg\" alt=\"\" class=\"wp-image-1393 size-full\" srcset=\"https:\/\/www.recion.com\/wp-content\/uploads\/2021\/11\/recion-kuvaus_2019-05-16_minna_uusi_www-1.jpg 300w, https:\/\/www.recion.com\/wp-content\/uploads\/2021\/11\/recion-kuvaus_2019-05-16_minna_uusi_www-1-150x150.jpg 150w\" sizes=\"(max-width: 300px) 100vw, 300px\" \/><\/figure><div class=\"wp-block-media-text__content\">\n<p>Recion-yhteyshenkil\u00f6si<\/p>\n\n\n\n<p class=\"contact-area\"><strong>CE-merkint\u00e4<\/strong><\/p>\n\n\n\n<p class=\"contact-title\">Laatup\u00e4\u00e4llikk\u00f6<\/p>\n\n\n\n<p class=\"contact-name\">Minna T\u00f6rr\u00f6nen<\/p>\n\n\n\n<p class=\"contact-email\"><a href=\"mailto:minna.torronen@recion.com\">minna.torronen@recion.com<\/a><\/p>\n\n\n\n<p class=\"contact-telephone\">T. +358 500 674 799<\/p>\n<\/div><\/div>","protected":false},"excerpt":{"rendered":"<p>We are certified to design and manufacture EN 13480-series metallic industrial piping according to our H-module (full quality assurance system). [&#8230;]<\/p>\n<p><a class=\"btn btn-secondary understrap-read-more-link\" href=\"https:\/\/www.recion.com\/fi\/certificates\/ce-marking\/\">Read More&#8230;<\/a><\/p>\n","protected":false},"author":12,"featured_media":557,"parent":109,"menu_order":0,"comment_status":"closed","ping_status":"closed","template":"","meta":{"_acf_changed":false,"content-type":"","footnotes":""},"class_list":["post-127","page","type-page","status-publish","has-post-thumbnail","hentry"],"acf":[],"_links":{"self":[{"href":"https:\/\/www.recion.com\/fi\/wp-json\/wp\/v2\/pages\/127","targetHints":{"allow":["GET"]}}],"collection":[{"href":"https:\/\/www.recion.com\/fi\/wp-json\/wp\/v2\/pages"}],"about":[{"href":"https:\/\/www.recion.com\/fi\/wp-json\/wp\/v2\/types\/page"}],"author":[{"embeddable":true,"href":"https:\/\/www.recion.com\/fi\/wp-json\/wp\/v2\/users\/12"}],"replies":[{"embeddable":true,"href":"https:\/\/www.recion.com\/fi\/wp-json\/wp\/v2\/comments?post=127"}],"version-history":[{"count":0,"href":"https:\/\/www.recion.com\/fi\/wp-json\/wp\/v2\/pages\/127\/revisions"}],"up":[{"embeddable":true,"href":"https:\/\/www.recion.com\/fi\/wp-json\/wp\/v2\/pages\/109"}],"wp:featuredmedia":[{"embeddable":true,"href":"https:\/\/www.recion.com\/fi\/wp-json\/wp\/v2\/media\/557"}],"wp:attachment":[{"href":"https:\/\/www.recion.com\/fi\/wp-json\/wp\/v2\/media?parent=127"}],"curies":[{"name":"wp","href":"https:\/\/api.w.org\/{rel}","templated":true}]}}