{"id":111,"date":"2019-03-29T12:45:43","date_gmt":"2019-03-29T12:45:43","guid":{"rendered":"http:\/\/18.197.41.160\/?page_id=111"},"modified":"2026-02-16T14:43:11","modified_gmt":"2026-02-16T11:43:11","slug":"about-us","status":"publish","type":"page","link":"https:\/\/www.recion.com\/fi\/about-us\/","title":{"rendered":"Tietoa meist\u00e4"},"content":{"rendered":"<p class=\"ingressi\">Tarjoamme&nbsp;<a href=\"https:\/\/www.recion.com\/fi\/projects\/project-management\/\" target=\"_blank\" rel=\"noopener\">projektinhallinta<\/a>&nbsp;ja&nbsp;<a href=\"https:\/\/www.recion.com\/fi\/projects\/design-and-engineering\/\" target=\"_blank\" rel=\"noopener\">putkistotekniikka<\/a>&nbsp;palvelut, mekaaniset asennukset,&nbsp;<a href=\"https:\/\/www.recion.com\/fi\/fabrication\/\" target=\"_blank\" rel=\"noopener\">valmistus<\/a>&nbsp;ja&nbsp;<a href=\"https:\/\/www.recion.com\/fi\/galvanizing\/\" target=\"_blank\" rel=\"noopener\">kuumasinkitys<\/a>. Erityisosaamisemme on teollisuuden vaativissa putkistoratkaisuissa.<\/p>\n\n\n\n<h3 class=\"wp-block-heading\">Suomesta Pohjoismaihin ja Keski-Eurooppaan<\/h3>\n\n\n\n<p>Olemme johtava suomalainen yritys, jolla on pohjoismainen ja keskieurooppalainen kattavuus. P\u00e4\u00e4konttorimme sijaitsee Helsingiss\u00e4 ja tuotantolaitoksemme Ylivieskassa. Vuosittainen liikevaihtomme on noin 40 M\u20ac ja ty\u00f6llist\u00e4mme noin kaksisataa henkil\u00f6\u00e4.<\/p>\n\n\n\n<p>Turvallisuus, kest\u00e4vyys ja laatu ovat olleet ja ovat edelleen arvoja, joiden vaaliminen on meille kunnia-asia. <\/p>\n\n\n\n<h3 class=\"wp-block-heading\">Huippuosaaminen haastavissa ymp\u00e4rist\u00f6iss\u00e4<\/h3>\n\n\n\n<p>Teollisuusty\u00f6maat altistavat ty\u00f6ntekij\u00e4t erilaisille vaarallisille ymp\u00e4rist\u00f6ille. Ty\u00f6skentely korkealla tai ahtaissa tiloissa, altistuminen \u00e4\u00e4rimm\u00e4isille desibelitasoille, l\u00e4mp\u00f6tiloille tai s\u00e4\u00e4olosuhteille eiv\u00e4t ole mitenk\u00e4\u00e4n harvinaisia tapauksia teollisuusty\u00f6mailla.<\/p>\n\n\n\n<p>Petrokemiallisissa ymp\u00e4rist\u00f6iss\u00e4 ty\u00f6ntekij\u00e4t saattavat altistua vaarallisille kemikaaleille, ilman ep\u00e4puhtauksille, kuten p\u00f6lylle tai vaarallisille kaasuille, tai huonolle ilmanlaadulle. Samoin s\u00e4teily\u00e4 ei voida j\u00e4tt\u00e4\u00e4 huomiotta, kun ty\u00f6skennell\u00e4\u00e4n ydinvoimaymp\u00e4rist\u00f6ss\u00e4. Onneksi ty\u00f6skentely haastavissa ymp\u00e4rist\u00f6iss\u00e4 voidaan tehd\u00e4 turvalliseksi asianmukaisella koulutuksella ja perusteellisella ty\u00f6n suunnittelulla.<\/p>\n\n\n\n<h3 class=\"wp-block-heading\">Turvallisuus etusijalla<\/h3>\n\n\n\n<p>Olemme s\u00e4ilytt\u00e4neet<a href=\"https:\/\/www.recion.com\/fi\/about-us\/safety-at-work\/\" target=\"_blank\" rel=\"noopener\"> ty\u00f6turvallisuus<\/a> yhti\u00f6n t\u00e4rkeimp\u00e4n\u00e4 tavoitteena koko historiamme ajan. Laadimme tapauskohtaisesti erityiset ty\u00f6suunnitelmat, annamme ty\u00f6ntekij\u00f6illemme asianmukaiset varusteet ja kattavan koulutuksen sek\u00e4 varmistamme ty\u00f6ntekij\u00f6idemme ty\u00f6kyvyn seuraamalla heid\u00e4n terveytt\u00e4\u00e4n. Turvallinen ty\u00f6skentely tuottaa merkitt\u00e4vi\u00e4 pitk\u00e4n aikav\u00e4lin etuja meille, ty\u00f6ntekij\u00f6illemme ja asiakkaillemme.<\/p>","protected":false},"excerpt":{"rendered":"<p>We offer&nbsp;project management&nbsp;and&nbsp;piping engineering&nbsp;services, mechanical installations,&nbsp;fabrication&nbsp;and&nbsp;hot-dip galvanizing. Our niche expertise is in high-pressure piping solutions. From Finland to the Nordics [&#8230;]<\/p>\n<p><a class=\"btn btn-secondary understrap-read-more-link\" href=\"https:\/\/www.recion.com\/fi\/about-us\/\">Read More&#8230;<\/a><\/p>\n","protected":false},"author":12,"featured_media":614,"parent":0,"menu_order":0,"comment_status":"closed","ping_status":"closed","template":"","meta":{"_acf_changed":false,"content-type":"","footnotes":""},"class_list":["post-111","page","type-page","status-publish","has-post-thumbnail","hentry"],"acf":[],"_links":{"self":[{"href":"https:\/\/www.recion.com\/fi\/wp-json\/wp\/v2\/pages\/111","targetHints":{"allow":["GET"]}}],"collection":[{"href":"https:\/\/www.recion.com\/fi\/wp-json\/wp\/v2\/pages"}],"about":[{"href":"https:\/\/www.recion.com\/fi\/wp-json\/wp\/v2\/types\/page"}],"author":[{"embeddable":true,"href":"https:\/\/www.recion.com\/fi\/wp-json\/wp\/v2\/users\/12"}],"replies":[{"embeddable":true,"href":"https:\/\/www.recion.com\/fi\/wp-json\/wp\/v2\/comments?post=111"}],"version-history":[{"count":1,"href":"https:\/\/www.recion.com\/fi\/wp-json\/wp\/v2\/pages\/111\/revisions"}],"predecessor-version":[{"id":4712,"href":"https:\/\/www.recion.com\/fi\/wp-json\/wp\/v2\/pages\/111\/revisions\/4712"}],"wp:featuredmedia":[{"embeddable":true,"href":"https:\/\/www.recion.com\/fi\/wp-json\/wp\/v2\/media\/614"}],"wp:attachment":[{"href":"https:\/\/www.recion.com\/fi\/wp-json\/wp\/v2\/media?parent=111"}],"curies":[{"name":"wp","href":"https:\/\/api.w.org\/{rel}","templated":true}]}}